{"id":2255,"date":"2025-05-12T07:56:38","date_gmt":"2025-05-12T05:56:38","guid":{"rendered":"https:\/\/armazemaio.com\/?page_id=2255"},"modified":"2025-12-31T11:09:29","modified_gmt":"2025-12-31T10:09:29","slug":"politica-de-cookies","status":"publish","type":"page","link":"https:\/\/armazemaio.com\/en\/politica-de-cookies\/","title":{"rendered":"Cookies policy"},"content":{"rendered":"<div data-elementor-type=\"wp-page\" data-elementor-id=\"2255\" class=\"elementor elementor-2255\">\n\t\t\t\t<div class=\"elementor-element elementor-element-7fq0up9 e-flex e-con-boxed e-con e-parent\" data-id=\"7fq0up9\" data-element_type=\"container\" data-settings=\"{&quot;background_background&quot;:&quot;classic&quot;}\">\n\t\t\t\t\t<div class=\"e-con-inner\">\n\t\t<div class=\"elementor-element elementor-element-d21b7e0 e-flex e-con-boxed e-con e-child\" data-id=\"d21b7e0\" data-element_type=\"container\">\n\t\t\t\t\t<div class=\"e-con-inner\">\n\t\t\t\t<div class=\"elementor-element elementor-element-e9fd9dc elementor-widget elementor-widget-heading\" data-id=\"e9fd9dc\" data-element_type=\"widget\" data-widget_type=\"heading.default\">\n\t\t\t\t<div class=\"elementor-widget-container\">\n\t\t\t\t\t<h1 class=\"elementor-heading-title elementor-size-default\">Cookies policy<\/h1>\t\t\t\t<\/div>\n\t\t\t\t<\/div>\n\t\t\t\t\t<\/div>\n\t\t\t\t<\/div>\n\t\t\t\t\t<\/div>\n\t\t\t\t<\/div>\n\t\t\t\t<section class=\"elementor-section elementor-top-section elementor-element elementor-element-qu2cer0 elementor-section-content-top elementor-section-boxed elementor-section-height-default elementor-section-height-default\" data-id=\"qu2cer0\" data-element_type=\"section\" data-settings=\"{&quot;background_background&quot;:&quot;classic&quot;}\">\n\t\t\t\t\t\t\t<div class=\"elementor-background-overlay\"><\/div>\n\t\t\t\t\t\t\t<div class=\"elementor-container elementor-column-gap-no\">\n\t\t\t\t\t<div class=\"elementor-column elementor-col-100 elementor-top-column elementor-element elementor-element-5312e3d\" data-id=\"5312e3d\" data-element_type=\"column\">\n\t\t\t<div class=\"elementor-widget-wrap elementor-element-populated\">\n\t\t\t\t\t\t<div class=\"elementor-element elementor-element-6e21eec elementor-widget elementor-widget-heading\" data-id=\"6e21eec\" data-element_type=\"widget\" data-widget_type=\"heading.default\">\n\t\t\t\t<div class=\"elementor-widget-container\">\n\t\t\t\t\t<h2 class=\"elementor-heading-title elementor-size-default\">AIO Armaz\u00e9m Cookie Policy<\/h2>\t\t\t\t<\/div>\n\t\t\t\t<\/div>\n\t\t\t\t<div class=\"elementor-element elementor-element-5db2f79 elementor-widget-divider--view-line elementor-widget elementor-widget-divider\" data-id=\"5db2f79\" data-element_type=\"widget\" data-widget_type=\"divider.default\">\n\t\t\t\t<div class=\"elementor-widget-container\">\n\t\t\t\t\t\t\t<div class=\"elementor-divider\">\n\t\t\t<span class=\"elementor-divider-separator\">\n\t\t\t\t\t\t<\/span>\n\t\t<\/div>\n\t\t\t\t\t\t<\/div>\n\t\t\t\t<\/div>\n\t\t\t\t<div class=\"elementor-element elementor-element-7b7d202 elementor-invisible elementor-widget elementor-widget-text-editor\" data-id=\"7b7d202\" data-element_type=\"widget\" data-settings=\"{&quot;_animation&quot;:&quot;slideInUp&quot;}\" data-widget_type=\"text-editor.default\">\n\t\t\t\t<div class=\"elementor-widget-container\">\n\t\t\t\t\t\t\t\t\t<p class=\"\" data-start=\"638\" data-end=\"905\">In accordance with the provisions of Article 22.2 of Law 34\/2002, of 11 July, on Information Society Services and Electronic Commerce (LSSI-CE), <strong data-start=\"800\" data-end=\"815\">AIO Armaz\u00e9m<\/strong> is obliged to inform users about the use of cookies and their purposes.<\/p>\n<p class=\"\" data-start=\"907\" data-end=\"1180\">This website uses cookies and\/or similar technologies that store and retrieve information when you browse. These technologies allow us to recognise users and obtain information about their browsing habits, which helps us to improve the experience on our website.<\/p>\n<p class=\"\" data-start=\"1182\" data-end=\"1371\">Cookies are essential for the proper functioning of the Internet, offering advantages in the provision of interactive services, facilitating navigation and usability of the website.<\/p>\t\t\t\t\t\t\t\t<\/div>\n\t\t\t\t<\/div>\n\t\t\t\t<div class=\"elementor-element elementor-element-a722b6b elementor-widget elementor-widget-heading\" data-id=\"a722b6b\" data-element_type=\"widget\" data-widget_type=\"heading.default\">\n\t\t\t\t<div class=\"elementor-widget-container\">\n\t\t\t\t\t<h2 class=\"elementor-heading-title elementor-size-default\">Types of cookies we use<\/h2>\t\t\t\t<\/div>\n\t\t\t\t<\/div>\n\t\t\t\t<div class=\"elementor-element elementor-element-1204d7d elementor-widget-divider--view-line elementor-widget elementor-widget-divider\" data-id=\"1204d7d\" data-element_type=\"widget\" data-widget_type=\"divider.default\">\n\t\t\t\t<div class=\"elementor-widget-container\">\n\t\t\t\t\t\t\t<div class=\"elementor-divider\">\n\t\t\t<span class=\"elementor-divider-separator\">\n\t\t\t\t\t\t<\/span>\n\t\t<\/div>\n\t\t\t\t\t\t<\/div>\n\t\t\t\t<\/div>\n\t\t\t\t<div class=\"elementor-element elementor-element-3eed493 elementor-widget__width-initial elementor-widget elementor-widget-html\" data-id=\"3eed493\" data-element_type=\"widget\" data-widget_type=\"html.default\">\n\t\t\t\t<div class=\"elementor-widget-container\">\n\t\t\t\t\t<style>\n    tbody {\n        font-family: 'Poppins', sans-serif;\n    }\n\n    table.polity-table-cell {\n        width: 100%;\n        border-collapse: separate;\n        border-spacing: 0;\n        border: 1px solid #ddd;\n        border-radius: 8px;\n        box-shadow: 0 2px 5px rgba(0,0,0,0.05);\n    }\n\n    table.polity-table-cell th {\n        background-color: #f0f0f0;\n        color: #333;\n        padding: 12px;\n        text-align: left;\n        font-weight: bold;\n        border-bottom: 2px solid #ccc;\n        font-size: 18px;\n    }\n\n    table.polity-table-cell td {\n        padding: 12px;\n        border-bottom: 1px solid #eee;\n        vertical-align: top;\n    }\n\n    .label-cell {\n        color: #333;\n        font-weight: bold;\n        width: 30%;\n        background-color: #f9f9f9;\n    }\n\n    .desc-cell {\n        color: #555;\n        width: 70%;\n    }\n\n    \/* Responsive para tablet y m\u00f3vil: tabla tipo lista *\/\n    @media (max-width: 768px) {\n        table.polity-table-cell, \n        table.polity-table-cell thead, \n        table.polity-table-cell tbody, \n        table.polity-table-cell th, \n        table.polity-table-cell td, \n        table.polity-table-cell tr {\n            display: block;\n            width: 100%;\n        }\n\n        table.polity-table-cell thead tr {\n            display: none; \/* Ocultamos el encabezado en m\u00f3vil *\/\n        }\n\n        table.polity-table-cell tr {\n            margin-bottom: 15px;\n            border-bottom: 2px solid #eee;\n            border-radius: 6px;\n            padding: 10px;\n            background-color: #fff;\n            box-shadow: 0 1px 3px rgba(0,0,0,0.05);\n        }\n\n        .label-cell {\n            background-color: transparent;\n            color: #000;\n            font-weight: bold;\n            padding-bottom: 6px;\n            width: 100%;\n        }\n\n        .desc-cell {\n            padding-bottom: 12px;\n            width: 100%;\n        }\n    }\n<\/style>\n\n<table class=\"polity-table-cell\">\n    <thead>\n        <tr><th colspan=\"2\">Types of Cookies<\/th><\/tr>\n    <\/thead>\n    <tbody>\n        <tr>\n            <td class=\"label-cell\">First-party cookies<\/td>\n            <td class=\"desc-cell\">These are cookies that are sent to the user's terminal equipment from a computer or domain managed by the publisher itself and from which the service requested by the user is provided.<\/td>\n        <\/tr>\n        <tr>\n            <td class=\"label-cell\">Third-party cookies<\/td>\n            <td class=\"desc-cell\">These are sent to the user's terminal equipment from a computer or domain that is not managed by the publisher, but by another entity that processes the data obtained through cookies.<\/td>\n        <\/tr>\n        <tr>\n            <td class=\"label-cell\">Session cookies<\/td>\n            <td class=\"desc-cell\">These are designed to collect and store data while the user accesses a website and disappear when the session ends.<\/td>\n        <\/tr>\n        <tr>\n            <td class=\"label-cell\">Persistent cookies<\/td>\n            <td class=\"desc-cell\">These are cookies in which the data remains stored on the terminal and can be accessed and processed for a period defined by the cookie manager.<\/td>\n        <\/tr>\n        <tr>\n            <td class=\"label-cell\">Technical cookies<\/td>\n            <td class=\"desc-cell\">They allow the user to navigate through a website and use the different options or services that exist on it.<\/td>\n        <\/tr>\n        <tr>\n            <td class=\"label-cell\">Personalisation cookies<\/td>\n            <td class=\"desc-cell\">They allow specific characteristics to be applied for user navigation on the website (e.g. language).<\/td>\n        <\/tr>\n        <tr>\n            <td class=\"label-cell\">Analytical cookies<\/td>\n            <td class=\"desc-cell\">They enable the monitoring and analysis of the behaviour of users of the websites to which they are linked.<\/td>\n        <\/tr>\n        <tr>\n            <td class=\"label-cell\">Advertising cookies<\/td>\n            <td class=\"desc-cell\">They allow the publisher to include advertising space on the website, depending on the content of the website itself.<\/td>\n        <\/tr>\n        <tr>\n            <td class=\"label-cell\">Behavioural advertising cookies<\/td>\n            <td class=\"desc-cell\">They store information about user behaviour obtained through continuous observation of their browsing habits.<\/td>\n        <\/tr>\n    <\/tbody>\n<\/table>\n\t\t\t\t<\/div>\n\t\t\t\t<\/div>\n\t\t\t\t<div class=\"elementor-element elementor-element-64c55a5 elementor-invisible elementor-widget elementor-widget-text-editor\" data-id=\"64c55a5\" data-element_type=\"widget\" data-settings=\"{&quot;_animation&quot;:&quot;slideInUp&quot;}\" data-widget_type=\"text-editor.default\">\n\t\t\t\t<div class=\"elementor-widget-container\">\n\t\t\t\t\t\t\t\t\t<p class=\"\" data-start=\"2515\" data-end=\"2882\">This website uses cookies to personalise content and advertisements, provide social media features, and analyse traffic. We share information about your use of this site with our social media, advertising, and analytics partners, who may combine it with other data you have provided to them or that they have collected from your use of their services.<\/p><p class=\"\" data-start=\"2884\" data-end=\"3029\">Cookies may only be stored on your device if they are strictly necessary. For all others, we require your explicit consent.<\/p><p class=\"\" data-start=\"3031\" data-end=\"3164\">You may change or withdraw your consent at any time via the cookie statement available on our website.<\/p><p class=\"\" data-start=\"3166\" data-end=\"3312\">For more information about who we are, how you can contact us, and how we process personal data, please see our <a href=\"\/en\/politica-de-privacidad\/\">Privacy Policy<\/a>.<\/p><p class=\"\" data-start=\"3314\" data-end=\"3387\">Your consent applies to the following domains: <strong data-start=\"3369\" data-end=\"3387\">armazemaio.com<\/strong><\/p>\t\t\t\t\t\t\t\t<\/div>\n\t\t\t\t<\/div>\n\t\t\t\t<div class=\"elementor-element elementor-element-bf10f12 elementor-widget elementor-widget-html\" data-id=\"bf10f12\" data-element_type=\"widget\" data-widget_type=\"html.default\">\n\t\t\t\t<div class=\"elementor-widget-container\">\n\t\t\t\t\t<style>\n    a.cky-banner-element {\n        padding: 8px 30px;\n        background: #F8F9FA;\n        color: #858A8F;\n        border: 1px solid #DEE2E6;\n        box-sizing: border-box;\n        border-radius: 2px;\n        cursor: pointer;\n        font-family: poppins;\n}\nh5{\n    font-family: poppins\n}\np{\n    font-family: poppins;\n}\n<\/style>\n\n&nbsp;\n    <h5>Types of cookies we use<\/h5>\n\n    <div class=\"cky-audit-table-element\"><\/div>\n\n&nbsp;\n\n<p class=\"cookie-policy-p\">\n    Cookie Policy Generated By  <a target=\"_blank\" href=\"https:\/\/www.cookieyes.com\/?utm_source=CP&utm_medium=footer&utm_campaign=UW\">CookieYes - Cookie Policy Generator<\/a>.\n<\/p>\t\t\t\t<\/div>\n\t\t\t\t<\/div>\n\t\t\t\t\t<\/div>\n\t\t<\/div>\n\t\t\t\t\t<\/div>\n\t\t<\/section>\n\t\t\t\t<\/div>","protected":false},"excerpt":{"rendered":"<p>Pol\u00edtica de cookies Pol\u00edtica de Cookies de AIO Armaz\u00e9m Conforme a lo dispuesto en el art\u00edculo 22.2 de la Ley [&hellip;]<\/p>","protected":false},"author":1,"featured_media":0,"parent":0,"menu_order":0,"comment_status":"closed","ping_status":"closed","template":"","meta":{"_uag_custom_page_level_css":"","site-sidebar-layout":"no-sidebar","site-content-layout":"","ast-site-content-layout":"full-width-container","site-content-style":"default","site-sidebar-style":"default","ast-global-header-display":"","ast-banner-title-visibility":"","ast-main-header-display":"","ast-hfb-above-header-display":"","ast-hfb-below-header-display":"","ast-hfb-mobile-header-display":"","site-post-title":"disabled","ast-breadcrumbs-content":"","ast-featured-img":"disabled","footer-sml-layout":"","theme-transparent-header-meta":"","adv-header-id-meta":"","stick-header-meta":"","header-above-stick-meta":"","header-main-stick-meta":"","header-below-stick-meta":"","astra-migrate-meta-layouts":"default","ast-page-background-enabled":"default","ast-page-background-meta":{"desktop":{"background-color":"var(--ast-global-color-5)","background-image":"","background-repeat":"repeat","background-position":"center center","background-size":"auto","background-attachment":"scroll","background-type":"","background-media":"","overlay-type":"","overlay-color":"","overlay-opacity":"","overlay-gradient":""},"tablet":{"background-color":"","background-image":"","background-repeat":"repeat","background-position":"center center","background-size":"auto","background-attachment":"scroll","background-type":"","background-media":"","overlay-type":"","overlay-color":"","overlay-opacity":"","overlay-gradient":""},"mobile":{"background-color":"","background-image":"","background-repeat":"repeat","background-position":"center center","background-size":"auto","background-attachment":"scroll","background-type":"","background-media":"","overlay-type":"","overlay-color":"","overlay-opacity":"","overlay-gradient":""}},"ast-content-background-meta":{"desktop":{"background-color":"var(--ast-global-color-4)","background-image":"","background-repeat":"repeat","background-position":"center center","background-size":"auto","background-attachment":"scroll","background-type":"","background-media":"","overlay-type":"","overlay-color":"","overlay-opacity":"","overlay-gradient":""},"tablet":{"background-color":"var(--ast-global-color-4)","background-image":"","background-repeat":"repeat","background-position":"center center","background-size":"auto","background-attachment":"scroll","background-type":"","background-media":"","overlay-type":"","overlay-color":"","overlay-opacity":"","overlay-gradient":""},"mobile":{"background-color":"var(--ast-global-color-4)","background-image":"","background-repeat":"repeat","background-position":"center center","background-size":"auto","background-attachment":"scroll","background-type":"","background-media":"","overlay-type":"","overlay-color":"","overlay-opacity":"","overlay-gradient":""}},"footnotes":""},"class_list":["post-2255","page","type-page","status-publish","hentry"],"yoast_head":"<!-- This site is optimized with the Yoast SEO plugin v24.7 - https:\/\/yoast.com\/wordpress\/plugins\/seo\/ -->\n<title>AIO Armaz\u00e9m - Pol\u00edtica de cookies<\/title>\n<meta name=\"robots\" content=\"noindex, follow, max-snippet:-1, max-image-preview:large, max-video-preview:-1\" \/>\n<meta property=\"og:locale\" content=\"en_GB\" \/>\n<meta property=\"og:type\" content=\"article\" \/>\n<meta property=\"og:title\" content=\"AIO Armaz\u00e9m - Pol\u00edtica de cookies\" \/>\n<meta property=\"og:description\" content=\"Pol\u00edtica de cookies Pol\u00edtica de Cookies de AIO Armaz\u00e9m Conforme a lo dispuesto en el art\u00edculo 22.2 de la Ley [&hellip;]\" \/>\n<meta property=\"og:url\" content=\"https:\/\/armazemaio.com\/en\/politica-de-cookies\/\" \/>\n<meta property=\"article:modified_time\" content=\"2025-12-31T10:09:29+00:00\" \/>\n<meta name=\"twitter:card\" content=\"summary_large_image\" \/>\n<meta name=\"twitter:label1\" content=\"Estimated reading time\" \/>\n\t<meta name=\"twitter:data1\" content=\"3 minutes\" \/>\n<script type=\"application\/ld+json\" class=\"yoast-schema-graph\">{\"@context\":\"https:\/\/schema.org\",\"@graph\":[{\"@type\":\"WebPage\",\"@id\":\"https:\/\/armazemaio.com\/politica-de-cookies\/\",\"url\":\"https:\/\/armazemaio.com\/politica-de-cookies\/\",\"name\":\"AIO Armaz\u00e9m - Pol\u00edtica de cookies\",\"isPartOf\":{\"@id\":\"https:\/\/armazemaio.com\/#website\"},\"datePublished\":\"2025-05-12T05:56:38+00:00\",\"dateModified\":\"2025-12-31T10:09:29+00:00\",\"breadcrumb\":{\"@id\":\"https:\/\/armazemaio.com\/politica-de-cookies\/#breadcrumb\"},\"inLanguage\":\"en-GB\",\"potentialAction\":[{\"@type\":\"ReadAction\",\"target\":[\"https:\/\/armazemaio.com\/politica-de-cookies\/\"]}]},{\"@type\":\"BreadcrumbList\",\"@id\":\"https:\/\/armazemaio.com\/politica-de-cookies\/#breadcrumb\",\"itemListElement\":[{\"@type\":\"ListItem\",\"position\":1,\"name\":\"Portada\",\"item\":\"https:\/\/armazemaio.com\/\"},{\"@type\":\"ListItem\",\"position\":2,\"name\":\"Pol\u00edtica de cookies\"}]},{\"@type\":\"WebSite\",\"@id\":\"https:\/\/armazemaio.com\/#website\",\"url\":\"https:\/\/armazemaio.com\/\",\"name\":\"AIO Armaz\u00e9m\",\"description\":\"\",\"publisher\":{\"@id\":\"https:\/\/armazemaio.com\/#organization\"},\"potentialAction\":[{\"@type\":\"SearchAction\",\"target\":{\"@type\":\"EntryPoint\",\"urlTemplate\":\"https:\/\/armazemaio.com\/?s={search_term_string}\"},\"query-input\":{\"@type\":\"PropertyValueSpecification\",\"valueRequired\":true,\"valueName\":\"search_term_string\"}}],\"inLanguage\":\"en-GB\"},{\"@type\":\"Organization\",\"@id\":\"https:\/\/armazemaio.com\/#organization\",\"name\":\"AIO Armaz\u00e9m\",\"url\":\"https:\/\/armazemaio.com\/\",\"logo\":{\"@type\":\"ImageObject\",\"inLanguage\":\"en-GB\",\"@id\":\"https:\/\/armazemaio.com\/#\/schema\/logo\/image\/\",\"url\":\"https:\/\/armazemaio.com\/wp-content\/uploads\/2025\/03\/logoAIO.png\",\"contentUrl\":\"https:\/\/armazemaio.com\/wp-content\/uploads\/2025\/03\/logoAIO.png\",\"width\":2920,\"height\":886,\"caption\":\"AIO Armaz\u00e9m\"},\"image\":{\"@id\":\"https:\/\/armazemaio.com\/#\/schema\/logo\/image\/\"}}]}<\/script>\n<!-- \/ Yoast SEO plugin. -->","yoast_head_json":{"title":"AIO Armaz\u00e9m - Pol\u00edtica de cookies","robots":{"index":"noindex","follow":"follow","max-snippet":"max-snippet:-1","max-image-preview":"max-image-preview:large","max-video-preview":"max-video-preview:-1"},"og_locale":"en_GB","og_type":"article","og_title":"AIO Armaz\u00e9m - Pol\u00edtica de cookies","og_description":"Pol\u00edtica de cookies Pol\u00edtica de Cookies de AIO Armaz\u00e9m Conforme a lo dispuesto en el art\u00edculo 22.2 de la Ley [&hellip;]","og_url":"https:\/\/armazemaio.com\/en\/politica-de-cookies\/","article_modified_time":"2025-12-31T10:09:29+00:00","twitter_card":"summary_large_image","twitter_misc":{"Estimated reading time":"3 minutes"},"schema":{"@context":"https:\/\/schema.org","@graph":[{"@type":"WebPage","@id":"https:\/\/armazemaio.com\/politica-de-cookies\/","url":"https:\/\/armazemaio.com\/politica-de-cookies\/","name":"AIO Armaz\u00e9m - Pol\u00edtica de cookies","isPartOf":{"@id":"https:\/\/armazemaio.com\/#website"},"datePublished":"2025-05-12T05:56:38+00:00","dateModified":"2025-12-31T10:09:29+00:00","breadcrumb":{"@id":"https:\/\/armazemaio.com\/politica-de-cookies\/#breadcrumb"},"inLanguage":"en-GB","potentialAction":[{"@type":"ReadAction","target":["https:\/\/armazemaio.com\/politica-de-cookies\/"]}]},{"@type":"BreadcrumbList","@id":"https:\/\/armazemaio.com\/politica-de-cookies\/#breadcrumb","itemListElement":[{"@type":"ListItem","position":1,"name":"Portada","item":"https:\/\/armazemaio.com\/"},{"@type":"ListItem","position":2,"name":"Pol\u00edtica de cookies"}]},{"@type":"WebSite","@id":"https:\/\/armazemaio.com\/#website","url":"https:\/\/armazemaio.com\/","name":"AIO Armaz\u00e9m","description":"","publisher":{"@id":"https:\/\/armazemaio.com\/#organization"},"potentialAction":[{"@type":"SearchAction","target":{"@type":"EntryPoint","urlTemplate":"https:\/\/armazemaio.com\/?s={search_term_string}"},"query-input":{"@type":"PropertyValueSpecification","valueRequired":true,"valueName":"search_term_string"}}],"inLanguage":"en-GB"},{"@type":"Organization","@id":"https:\/\/armazemaio.com\/#organization","name":"AIO Armaz\u00e9m","url":"https:\/\/armazemaio.com\/","logo":{"@type":"ImageObject","inLanguage":"en-GB","@id":"https:\/\/armazemaio.com\/#\/schema\/logo\/image\/","url":"https:\/\/armazemaio.com\/wp-content\/uploads\/2025\/03\/logoAIO.png","contentUrl":"https:\/\/armazemaio.com\/wp-content\/uploads\/2025\/03\/logoAIO.png","width":2920,"height":886,"caption":"AIO Armaz\u00e9m"},"image":{"@id":"https:\/\/armazemaio.com\/#\/schema\/logo\/image\/"}}]}},"uagb_featured_image_src":{"full":false,"thumbnail":false,"medium":false,"medium_large":false,"large":false,"1536x1536":false,"2048x2048":false,"trp-custom-language-flag":false},"uagb_author_info":{"display_name":"AdminSoporte","author_link":"https:\/\/armazemaio.com\/en\/author\/adminsoporte\/"},"uagb_comment_info":0,"uagb_excerpt":"Pol\u00edtica de cookies Pol\u00edtica de Cookies de AIO Armaz\u00e9m Conforme a lo dispuesto en el art\u00edculo 22.2 de la Ley [&hellip;]","_links":{"self":[{"href":"https:\/\/armazemaio.com\/en\/wp-json\/wp\/v2\/pages\/2255","targetHints":{"allow":["GET"]}}],"collection":[{"href":"https:\/\/armazemaio.com\/en\/wp-json\/wp\/v2\/pages"}],"about":[{"href":"https:\/\/armazemaio.com\/en\/wp-json\/wp\/v2\/types\/page"}],"author":[{"embeddable":true,"href":"https:\/\/armazemaio.com\/en\/wp-json\/wp\/v2\/users\/1"}],"replies":[{"embeddable":true,"href":"https:\/\/armazemaio.com\/en\/wp-json\/wp\/v2\/comments?post=2255"}],"version-history":[{"count":40,"href":"https:\/\/armazemaio.com\/en\/wp-json\/wp\/v2\/pages\/2255\/revisions"}],"predecessor-version":[{"id":2624,"href":"https:\/\/armazemaio.com\/en\/wp-json\/wp\/v2\/pages\/2255\/revisions\/2624"}],"wp:attachment":[{"href":"https:\/\/armazemaio.com\/en\/wp-json\/wp\/v2\/media?parent=2255"}],"curies":[{"name":"wp","href":"https:\/\/api.w.org\/{rel}","templated":true}]}}