{"id":1907,"date":"2025-05-05T05:17:07","date_gmt":"2025-05-05T03:17:07","guid":{"rendered":"https:\/\/armazemaio.com\/?page_id=1907"},"modified":"2025-10-08T07:58:02","modified_gmt":"2025-10-08T05:58:02","slug":"eventos-y-festivales","status":"publish","type":"page","link":"https:\/\/armazemaio.com\/en\/eventos-y-festivales\/","title":{"rendered":"Events and festivals"},"content":{"rendered":"<div data-elementor-type=\"wp-page\" data-elementor-id=\"1907\" class=\"elementor elementor-1907\">\n\t\t\t\t<div class=\"elementor-element elementor-element-6g7ssc6 e-flex e-con-boxed e-con e-parent\" data-id=\"6g7ssc6\" data-element_type=\"container\" data-settings=\"{&quot;background_background&quot;:&quot;classic&quot;}\">\n\t\t\t\t\t<div class=\"e-con-inner\">\n\t\t<div class=\"elementor-element elementor-element-8d332cf e-con-full e-flex e-con e-child\" data-id=\"8d332cf\" data-element_type=\"container\">\n\t\t\t\t<div class=\"elementor-element elementor-element-4bf79de elementor-widget elementor-widget-heading\" data-id=\"4bf79de\" data-element_type=\"widget\" data-widget_type=\"heading.default\">\n\t\t\t\t<div class=\"elementor-widget-container\">\n\t\t\t\t\t<h1 class=\"elementor-heading-title elementor-size-default\">Events and festivals<\/h1>\t\t\t\t<\/div>\n\t\t\t\t<\/div>\n\t\t\t\t<\/div>\n\t\t\t\t\t<\/div>\n\t\t\t\t<\/div>\n\t\t\t\t<section class=\"elementor-section elementor-top-section elementor-element elementor-element-0tibyy4 elementor-section-content-middle elementor-reverse-mobile elementor-section-boxed elementor-section-height-default elementor-section-height-default elementor-invisible\" data-id=\"0tibyy4\" data-element_type=\"section\" data-settings=\"{&quot;background_background&quot;:&quot;classic&quot;,&quot;animation&quot;:&quot;fadeInLeft&quot;}\">\n\t\t\t\t\t\t\t<div class=\"elementor-background-overlay\"><\/div>\n\t\t\t\t\t\t\t<div class=\"elementor-container elementor-column-gap-no\">\n\t\t\t\t\t<div class=\"elementor-column elementor-col-50 elementor-top-column elementor-element elementor-element-b0b74d8\" data-id=\"b0b74d8\" data-element_type=\"column\">\n\t\t\t<div class=\"elementor-widget-wrap elementor-element-populated\">\n\t\t\t\t\t\t<div class=\"elementor-element elementor-element-472f9a5 elementor-widget elementor-widget-heading\" data-id=\"472f9a5\" data-element_type=\"widget\" data-widget_type=\"heading.default\">\n\t\t\t\t<div class=\"elementor-widget-container\">\n\t\t\t\t\t<h2 class=\"elementor-heading-title elementor-size-default\">Service provision at temporary events<\/h2>\t\t\t\t<\/div>\n\t\t\t\t<\/div>\n\t\t\t\t<div class=\"elementor-element elementor-element-327f367 elementor-widget elementor-widget-text-editor\" data-id=\"327f367\" data-element_type=\"widget\" data-widget_type=\"text-editor.default\">\n\t\t\t\t<div class=\"elementor-widget-container\">\n\t\t\t\t\t\t\t\t\t<p class=\"p1 translation-block\">At AIO, we are aware of the constant evolution and presentation of opportunities that give rise to companies like those of our clients: companies that use state-of-the-art innovation and marketing, experts in inventing and developing new experiences focused on their audiences.<\/p><p class=\"p1 translation-block\">For this reason, we are constantly challenged and motivated to meet the expectations of our clients for their large-scale events.<\/p><p class=\"p1\">Every temporary event entails a great deal of organisational energy and time, but is also greatly rewarding on itself.<\/p>\t\t\t\t\t\t\t\t<\/div>\n\t\t\t\t<\/div>\n\t\t\t\t\t<\/div>\n\t\t<\/div>\n\t\t\t\t<div class=\"elementor-column elementor-col-50 elementor-top-column elementor-element elementor-element-51962fb\" data-id=\"51962fb\" data-element_type=\"column\" data-settings=\"{&quot;background_background&quot;:&quot;classic&quot;}\">\n\t\t\t<div class=\"elementor-widget-wrap elementor-element-populated\">\n\t\t\t\t\t\t<div class=\"elementor-element elementor-element-6315460 elementor-widget elementor-widget-image\" data-id=\"6315460\" data-element_type=\"widget\" data-widget_type=\"image.default\">\n\t\t\t\t<div class=\"elementor-widget-container\">\n\t\t\t\t\t\t\t\t\t\t\t\t\t\t\t<img fetchpriority=\"high\" decoding=\"async\" width=\"598\" height=\"597\" src=\"https:\/\/armazemaio.com\/wp-content\/uploads\/2025\/05\/festival.png\" class=\"attachment-full size-full wp-image-2332\" alt=\"\" srcset=\"https:\/\/armazemaio.com\/wp-content\/uploads\/2025\/05\/festival.png 598w, https:\/\/armazemaio.com\/wp-content\/uploads\/2025\/05\/festival-300x300.png 300w, https:\/\/armazemaio.com\/wp-content\/uploads\/2025\/05\/festival-80x80.png 80w\" sizes=\"(max-width: 598px) 100vw, 598px\" \/>\t\t\t\t\t\t\t\t\t\t\t\t\t\t\t<\/div>\n\t\t\t\t<\/div>\n\t\t\t\t\t<\/div>\n\t\t<\/div>\n\t\t\t\t\t<\/div>\n\t\t<\/section>\n\t\t<div class=\"elementor-element elementor-element-1db3c0b e-flex e-con-boxed e-con e-parent\" data-id=\"1db3c0b\" data-element_type=\"container\">\n\t\t\t\t\t<div class=\"e-con-inner\">\n\t\t\t\t<div class=\"elementor-element elementor-element-1b1abc3 elementor-widget elementor-widget-text-editor\" data-id=\"1b1abc3\" data-element_type=\"widget\" data-widget_type=\"text-editor.default\">\n\t\t\t\t<div class=\"elementor-widget-container\">\n\t\t\t\t\t\t\t\t\t<p class=\"p1 translation-block\">It is an extra effort due to all the coordination and planning work involved in this type of crowded events, a work that is invisible during the event, but without which the event could simply not be carried out.<\/p><p class=\"p1 translation-block\">We are aware that this involves working continuously against the clock to react quickly, in which unforeseen circumstances cannot mean\ndelays.<\/p><p class=\"translation-block\">That is why, from here, all the staff who are part of AIO, we want to thank both our clients and the production team of the events in which we provide our services, for the way they always make our work easier, simpler and more agile, thanks to all that previous work of planning\nand communication.<\/p><p class=\"translation-block\">We are flattered by the trust you have placed in us.<\/p>\t\t\t\t\t\t\t\t<\/div>\n\t\t\t\t<\/div>\n\t\t\t\t\t<\/div>\n\t\t\t\t<\/div>\n\t\t<div class=\"elementor-element elementor-element-ad7de9b e-flex e-con-boxed e-con e-parent\" data-id=\"ad7de9b\" data-element_type=\"container\">\n\t\t\t\t\t<div class=\"e-con-inner\">\n\t\t\t\t<div class=\"elementor-element elementor-element-b307c1a elementor-widget elementor-widget-heading\" data-id=\"b307c1a\" data-element_type=\"widget\" data-widget_type=\"heading.default\">\n\t\t\t\t<div class=\"elementor-widget-container\">\n\t\t\t\t\t<h2 class=\"elementor-heading-title elementor-size-default\">The following are our guidelines for acting in this type of events<\/h2>\t\t\t\t<\/div>\n\t\t\t\t<\/div>\n\t\t\t\t\t<\/div>\n\t\t\t\t<\/div>\n\t\t\t\t<section class=\"elementor-section elementor-top-section elementor-element elementor-element-26d554f elementor-section-content-middle elementor-section-boxed elementor-section-height-default elementor-section-height-default elementor-invisible\" data-id=\"26d554f\" data-element_type=\"section\" data-settings=\"{&quot;background_background&quot;:&quot;classic&quot;,&quot;animation&quot;:&quot;slideInRight&quot;}\">\n\t\t\t\t\t\t\t<div class=\"elementor-background-overlay\"><\/div>\n\t\t\t\t\t\t\t<div class=\"elementor-container elementor-column-gap-no\">\n\t\t\t\t\t<div class=\"elementor-column elementor-col-33 elementor-top-column elementor-element elementor-element-6ccf1b7\" data-id=\"6ccf1b7\" data-element_type=\"column\">\n\t\t\t<div class=\"elementor-widget-wrap elementor-element-populated\">\n\t\t\t\t\t\t<div class=\"elementor-element elementor-element-54b8926 elementor-widget elementor-widget-image\" data-id=\"54b8926\" data-element_type=\"widget\" data-widget_type=\"image.default\">\n\t\t\t\t<div class=\"elementor-widget-container\">\n\t\t\t\t\t\t\t\t\t\t\t\t\t\t\t<img decoding=\"async\" width=\"320\" height=\"319\" src=\"https:\/\/armazemaio.com\/wp-content\/uploads\/2025\/05\/conceptoo.png\" class=\"attachment-medium_large size-medium_large wp-image-2333\" alt=\"\" srcset=\"https:\/\/armazemaio.com\/wp-content\/uploads\/2025\/05\/conceptoo.png 320w, https:\/\/armazemaio.com\/wp-content\/uploads\/2025\/05\/conceptoo-300x300.png 300w, https:\/\/armazemaio.com\/wp-content\/uploads\/2025\/05\/conceptoo-80x80.png 80w\" sizes=\"(max-width: 320px) 100vw, 320px\" \/>\t\t\t\t\t\t\t\t\t\t\t\t\t\t\t<\/div>\n\t\t\t\t<\/div>\n\t\t\t\t<div class=\"elementor-element elementor-element-f5defa5 elementor-widget elementor-widget-heading\" data-id=\"f5defa5\" data-element_type=\"widget\" data-widget_type=\"heading.default\">\n\t\t\t\t<div class=\"elementor-widget-container\">\n\t\t\t\t\t<h3 class=\"elementor-heading-title elementor-size-default\">Concept<\/h3>\t\t\t\t<\/div>\n\t\t\t\t<\/div>\n\t\t\t\t<div class=\"elementor-element elementor-element-068d728 elementor-widget elementor-widget-text-editor\" data-id=\"068d728\" data-element_type=\"widget\" data-widget_type=\"text-editor.default\">\n\t\t\t\t<div class=\"elementor-widget-container\">\n\t\t\t\t\t\t\t\t\t<p class=\"p1 translation-block\"><strong>Strategy, planning and design.<\/strong>\n<br>\nWe stand beside your brand and your\ninterests, so that thanks to the strategy and agreements reached between the customer and the organization, our actions can be documented\nwith as much information as possible.<\/p>\t\t\t\t\t\t\t\t<\/div>\n\t\t\t\t<\/div>\n\t\t\t\t\t<\/div>\n\t\t<\/div>\n\t\t\t\t<div class=\"elementor-column elementor-col-33 elementor-top-column elementor-element elementor-element-4dc9657\" data-id=\"4dc9657\" data-element_type=\"column\">\n\t\t\t<div class=\"elementor-widget-wrap elementor-element-populated\">\n\t\t\t\t\t\t<div class=\"elementor-element elementor-element-9f6b73a elementor-widget elementor-widget-image\" data-id=\"9f6b73a\" data-element_type=\"widget\" data-widget_type=\"image.default\">\n\t\t\t\t<div class=\"elementor-widget-container\">\n\t\t\t\t\t\t\t\t\t\t\t\t\t\t\t<img decoding=\"async\" width=\"320\" height=\"319\" src=\"https:\/\/armazemaio.com\/wp-content\/uploads\/2025\/05\/resultadoss.png\" class=\"attachment-medium_large size-medium_large wp-image-2334\" alt=\"\" srcset=\"https:\/\/armazemaio.com\/wp-content\/uploads\/2025\/05\/resultadoss.png 320w, https:\/\/armazemaio.com\/wp-content\/uploads\/2025\/05\/resultadoss-300x300.png 300w, https:\/\/armazemaio.com\/wp-content\/uploads\/2025\/05\/resultadoss-80x80.png 80w\" sizes=\"(max-width: 320px) 100vw, 320px\" \/>\t\t\t\t\t\t\t\t\t\t\t\t\t\t\t<\/div>\n\t\t\t\t<\/div>\n\t\t\t\t<div class=\"elementor-element elementor-element-bbf0acd elementor-widget elementor-widget-heading\" data-id=\"bbf0acd\" data-element_type=\"widget\" data-widget_type=\"heading.default\">\n\t\t\t\t<div class=\"elementor-widget-container\">\n\t\t\t\t\t<h3 class=\"elementor-heading-title elementor-size-default\">Development<\/h3>\t\t\t\t<\/div>\n\t\t\t\t<\/div>\n\t\t\t\t<div class=\"elementor-element elementor-element-12d54c6 elementor-widget elementor-widget-text-editor\" data-id=\"12d54c6\" data-element_type=\"widget\" data-widget_type=\"text-editor.default\">\n\t\t\t\t<div class=\"elementor-widget-container\">\n\t\t\t\t\t\t\t\t\t<p class=\"p1 translation-block\"><strong>Communication, production and\nmonitoring.<\/strong>\n<br>\nWe collaborate to take your strategy to the live event and to ensure that your brand reaches the audience.<\/p>\t\t\t\t\t\t\t\t<\/div>\n\t\t\t\t<\/div>\n\t\t\t\t\t<\/div>\n\t\t<\/div>\n\t\t\t\t<div class=\"elementor-column elementor-col-33 elementor-top-column elementor-element elementor-element-731005b\" data-id=\"731005b\" data-element_type=\"column\">\n\t\t\t<div class=\"elementor-widget-wrap elementor-element-populated\">\n\t\t\t\t\t\t<div class=\"elementor-element elementor-element-0cbac0d elementor-widget elementor-widget-image\" data-id=\"0cbac0d\" data-element_type=\"widget\" data-widget_type=\"image.default\">\n\t\t\t\t<div class=\"elementor-widget-container\">\n\t\t\t\t\t\t\t\t\t\t\t\t\t\t\t<img loading=\"lazy\" decoding=\"async\" width=\"320\" height=\"319\" src=\"https:\/\/armazemaio.com\/wp-content\/uploads\/2025\/05\/desarrolloo.png\" class=\"attachment-medium_large size-medium_large wp-image-2335\" alt=\"\" srcset=\"https:\/\/armazemaio.com\/wp-content\/uploads\/2025\/05\/desarrolloo.png 320w, https:\/\/armazemaio.com\/wp-content\/uploads\/2025\/05\/desarrolloo-300x300.png 300w, https:\/\/armazemaio.com\/wp-content\/uploads\/2025\/05\/desarrolloo-80x80.png 80w\" sizes=\"(max-width: 320px) 100vw, 320px\" \/>\t\t\t\t\t\t\t\t\t\t\t\t\t\t\t<\/div>\n\t\t\t\t<\/div>\n\t\t\t\t<div class=\"elementor-element elementor-element-06bfc4f elementor-widget elementor-widget-heading\" data-id=\"06bfc4f\" data-element_type=\"widget\" data-widget_type=\"heading.default\">\n\t\t\t\t<div class=\"elementor-widget-container\">\n\t\t\t\t\t<h3 class=\"elementor-heading-title elementor-size-default\">Results<\/h3>\t\t\t\t<\/div>\n\t\t\t\t<\/div>\n\t\t\t\t<div class=\"elementor-element elementor-element-74d9f4f elementor-widget elementor-widget-text-editor\" data-id=\"74d9f4f\" data-element_type=\"widget\" data-widget_type=\"text-editor.default\">\n\t\t\t\t<div class=\"elementor-widget-container\">\n\t\t\t\t\t\t\t\t\t<p class=\"p1 translation-block\"><strong>Information and analysis of results.<\/strong>\n<br>\nWe analyse engagement and development in order to conduct continuous improvement of the experience.<\/p>\t\t\t\t\t\t\t\t<\/div>\n\t\t\t\t<\/div>\n\t\t\t\t\t<\/div>\n\t\t<\/div>\n\t\t\t\t\t<\/div>\n\t\t<\/section>\n\t\t\t\t<\/div>","protected":false},"excerpt":{"rendered":"<p>Eventos y festivales Prestaci\u00f3n de servicio en eventos temporales En AIO, somos conocedores de la constante evoluci\u00f3n y presentaci\u00f3n de [&hellip;]<\/p>","protected":false},"author":1,"featured_media":0,"parent":0,"menu_order":0,"comment_status":"closed","ping_status":"closed","template":"","meta":{"_uag_custom_page_level_css":"","site-sidebar-layout":"no-sidebar","site-content-layout":"","ast-site-content-layout":"full-width-container","site-content-style":"default","site-sidebar-style":"default","ast-global-header-display":"","ast-banner-title-visibility":"","ast-main-header-display":"","ast-hfb-above-header-display":"","ast-hfb-below-header-display":"","ast-hfb-mobile-header-display":"","site-post-title":"disabled","ast-breadcrumbs-content":"","ast-featured-img":"disabled","footer-sml-layout":"","theme-transparent-header-meta":"","adv-header-id-meta":"","stick-header-meta":"","header-above-stick-meta":"","header-main-stick-meta":"","header-below-stick-meta":"","astra-migrate-meta-layouts":"default","ast-page-background-enabled":"default","ast-page-background-meta":{"desktop":{"background-color":"var(--ast-global-color-5)","background-image":"","background-repeat":"repeat","background-position":"center center","background-size":"auto","background-attachment":"scroll","background-type":"","background-media":"","overlay-type":"","overlay-color":"","overlay-opacity":"","overlay-gradient":""},"tablet":{"background-color":"","background-image":"","background-repeat":"repeat","background-position":"center center","background-size":"auto","background-attachment":"scroll","background-type":"","background-media":"","overlay-type":"","overlay-color":"","overlay-opacity":"","overlay-gradient":""},"mobile":{"background-color":"","background-image":"","background-repeat":"repeat","background-position":"center center","background-size":"auto","background-attachment":"scroll","background-type":"","background-media":"","overlay-type":"","overlay-color":"","overlay-opacity":"","overlay-gradient":""}},"ast-content-background-meta":{"desktop":{"background-color":"var(--ast-global-color-4)","background-image":"","background-repeat":"repeat","background-position":"center center","background-size":"auto","background-attachment":"scroll","background-type":"","background-media":"","overlay-type":"","overlay-color":"","overlay-opacity":"","overlay-gradient":""},"tablet":{"background-color":"var(--ast-global-color-4)","background-image":"","background-repeat":"repeat","background-position":"center center","background-size":"auto","background-attachment":"scroll","background-type":"","background-media":"","overlay-type":"","overlay-color":"","overlay-opacity":"","overlay-gradient":""},"mobile":{"background-color":"var(--ast-global-color-4)","background-image":"","background-repeat":"repeat","background-position":"center center","background-size":"auto","background-attachment":"scroll","background-type":"","background-media":"","overlay-type":"","overlay-color":"","overlay-opacity":"","overlay-gradient":""}},"footnotes":""},"class_list":["post-1907","page","type-page","status-publish","hentry"],"yoast_head":"<!-- This site is optimized with the Yoast SEO plugin v24.7 - https:\/\/yoast.com\/wordpress\/plugins\/seo\/ -->\n<title>AIO Armaz\u00e9m - Eventos y festivales<\/title>\n<meta name=\"robots\" content=\"noindex, follow, max-snippet:-1, max-image-preview:large, max-video-preview:-1\" \/>\n<meta property=\"og:locale\" content=\"en_GB\" \/>\n<meta property=\"og:type\" content=\"article\" \/>\n<meta property=\"og:title\" content=\"AIO Armaz\u00e9m - Eventos y festivales\" \/>\n<meta property=\"og:description\" content=\"Eventos y festivales Prestaci\u00f3n de servicio en eventos temporales En AIO, somos conocedores de la constante evoluci\u00f3n y presentaci\u00f3n de [&hellip;]\" \/>\n<meta property=\"og:url\" content=\"https:\/\/armazemaio.com\/en\/eventos-y-festivales\/\" \/>\n<meta property=\"article:modified_time\" content=\"2025-10-08T05:58:02+00:00\" \/>\n<meta property=\"og:image\" content=\"https:\/\/armazemaio.com\/wp-content\/uploads\/2025\/05\/festival.png\" \/>\n<meta name=\"twitter:card\" content=\"summary_large_image\" \/>\n<meta name=\"twitter:label1\" content=\"Estimated reading time\" \/>\n\t<meta name=\"twitter:data1\" content=\"3 minutes\" \/>\n<script type=\"application\/ld+json\" class=\"yoast-schema-graph\">{\"@context\":\"https:\/\/schema.org\",\"@graph\":[{\"@type\":\"WebPage\",\"@id\":\"https:\/\/armazemaio.com\/eventos-y-festivales\/\",\"url\":\"https:\/\/armazemaio.com\/eventos-y-festivales\/\",\"name\":\"AIO Armaz\u00e9m - Eventos y festivales\",\"isPartOf\":{\"@id\":\"https:\/\/armazemaio.com\/#website\"},\"primaryImageOfPage\":{\"@id\":\"https:\/\/armazemaio.com\/eventos-y-festivales\/#primaryimage\"},\"image\":{\"@id\":\"https:\/\/armazemaio.com\/eventos-y-festivales\/#primaryimage\"},\"thumbnailUrl\":\"https:\/\/armazemaio.com\/wp-content\/uploads\/2025\/05\/festival.png\",\"datePublished\":\"2025-05-05T03:17:07+00:00\",\"dateModified\":\"2025-10-08T05:58:02+00:00\",\"breadcrumb\":{\"@id\":\"https:\/\/armazemaio.com\/eventos-y-festivales\/#breadcrumb\"},\"inLanguage\":\"en-GB\",\"potentialAction\":[{\"@type\":\"ReadAction\",\"target\":[\"https:\/\/armazemaio.com\/eventos-y-festivales\/\"]}]},{\"@type\":\"ImageObject\",\"inLanguage\":\"en-GB\",\"@id\":\"https:\/\/armazemaio.com\/eventos-y-festivales\/#primaryimage\",\"url\":\"https:\/\/armazemaio.com\/wp-content\/uploads\/2025\/05\/festival.png\",\"contentUrl\":\"https:\/\/armazemaio.com\/wp-content\/uploads\/2025\/05\/festival.png\"},{\"@type\":\"BreadcrumbList\",\"@id\":\"https:\/\/armazemaio.com\/eventos-y-festivales\/#breadcrumb\",\"itemListElement\":[{\"@type\":\"ListItem\",\"position\":1,\"name\":\"Portada\",\"item\":\"https:\/\/armazemaio.com\/\"},{\"@type\":\"ListItem\",\"position\":2,\"name\":\"Eventos y festivales\"}]},{\"@type\":\"WebSite\",\"@id\":\"https:\/\/armazemaio.com\/#website\",\"url\":\"https:\/\/armazemaio.com\/\",\"name\":\"AIO Armaz\u00e9m\",\"description\":\"\",\"publisher\":{\"@id\":\"https:\/\/armazemaio.com\/#organization\"},\"potentialAction\":[{\"@type\":\"SearchAction\",\"target\":{\"@type\":\"EntryPoint\",\"urlTemplate\":\"https:\/\/armazemaio.com\/?s={search_term_string}\"},\"query-input\":{\"@type\":\"PropertyValueSpecification\",\"valueRequired\":true,\"valueName\":\"search_term_string\"}}],\"inLanguage\":\"en-GB\"},{\"@type\":\"Organization\",\"@id\":\"https:\/\/armazemaio.com\/#organization\",\"name\":\"AIO Armaz\u00e9m\",\"url\":\"https:\/\/armazemaio.com\/\",\"logo\":{\"@type\":\"ImageObject\",\"inLanguage\":\"en-GB\",\"@id\":\"https:\/\/armazemaio.com\/#\/schema\/logo\/image\/\",\"url\":\"https:\/\/armazemaio.com\/wp-content\/uploads\/2025\/03\/logoAIO.png\",\"contentUrl\":\"https:\/\/armazemaio.com\/wp-content\/uploads\/2025\/03\/logoAIO.png\",\"width\":2920,\"height\":886,\"caption\":\"AIO Armaz\u00e9m\"},\"image\":{\"@id\":\"https:\/\/armazemaio.com\/#\/schema\/logo\/image\/\"}}]}<\/script>\n<!-- \/ Yoast SEO plugin. -->","yoast_head_json":{"title":"AIO Armaz\u00e9m - Eventos y festivales","robots":{"index":"noindex","follow":"follow","max-snippet":"max-snippet:-1","max-image-preview":"max-image-preview:large","max-video-preview":"max-video-preview:-1"},"og_locale":"en_GB","og_type":"article","og_title":"AIO Armaz\u00e9m - Eventos y festivales","og_description":"Eventos y festivales Prestaci\u00f3n de servicio en eventos temporales En AIO, somos conocedores de la constante evoluci\u00f3n y presentaci\u00f3n de [&hellip;]","og_url":"https:\/\/armazemaio.com\/en\/eventos-y-festivales\/","article_modified_time":"2025-10-08T05:58:02+00:00","og_image":[{"url":"https:\/\/armazemaio.com\/wp-content\/uploads\/2025\/05\/festival.png","type":"","width":"","height":""}],"twitter_card":"summary_large_image","twitter_misc":{"Estimated reading time":"3 minutes"},"schema":{"@context":"https:\/\/schema.org","@graph":[{"@type":"WebPage","@id":"https:\/\/armazemaio.com\/eventos-y-festivales\/","url":"https:\/\/armazemaio.com\/eventos-y-festivales\/","name":"AIO Armaz\u00e9m - Eventos y festivales","isPartOf":{"@id":"https:\/\/armazemaio.com\/#website"},"primaryImageOfPage":{"@id":"https:\/\/armazemaio.com\/eventos-y-festivales\/#primaryimage"},"image":{"@id":"https:\/\/armazemaio.com\/eventos-y-festivales\/#primaryimage"},"thumbnailUrl":"https:\/\/armazemaio.com\/wp-content\/uploads\/2025\/05\/festival.png","datePublished":"2025-05-05T03:17:07+00:00","dateModified":"2025-10-08T05:58:02+00:00","breadcrumb":{"@id":"https:\/\/armazemaio.com\/eventos-y-festivales\/#breadcrumb"},"inLanguage":"en-GB","potentialAction":[{"@type":"ReadAction","target":["https:\/\/armazemaio.com\/eventos-y-festivales\/"]}]},{"@type":"ImageObject","inLanguage":"en-GB","@id":"https:\/\/armazemaio.com\/eventos-y-festivales\/#primaryimage","url":"https:\/\/armazemaio.com\/wp-content\/uploads\/2025\/05\/festival.png","contentUrl":"https:\/\/armazemaio.com\/wp-content\/uploads\/2025\/05\/festival.png"},{"@type":"BreadcrumbList","@id":"https:\/\/armazemaio.com\/eventos-y-festivales\/#breadcrumb","itemListElement":[{"@type":"ListItem","position":1,"name":"Portada","item":"https:\/\/armazemaio.com\/"},{"@type":"ListItem","position":2,"name":"Eventos y festivales"}]},{"@type":"WebSite","@id":"https:\/\/armazemaio.com\/#website","url":"https:\/\/armazemaio.com\/","name":"AIO Armaz\u00e9m","description":"","publisher":{"@id":"https:\/\/armazemaio.com\/#organization"},"potentialAction":[{"@type":"SearchAction","target":{"@type":"EntryPoint","urlTemplate":"https:\/\/armazemaio.com\/?s={search_term_string}"},"query-input":{"@type":"PropertyValueSpecification","valueRequired":true,"valueName":"search_term_string"}}],"inLanguage":"en-GB"},{"@type":"Organization","@id":"https:\/\/armazemaio.com\/#organization","name":"AIO Armaz\u00e9m","url":"https:\/\/armazemaio.com\/","logo":{"@type":"ImageObject","inLanguage":"en-GB","@id":"https:\/\/armazemaio.com\/#\/schema\/logo\/image\/","url":"https:\/\/armazemaio.com\/wp-content\/uploads\/2025\/03\/logoAIO.png","contentUrl":"https:\/\/armazemaio.com\/wp-content\/uploads\/2025\/03\/logoAIO.png","width":2920,"height":886,"caption":"AIO Armaz\u00e9m"},"image":{"@id":"https:\/\/armazemaio.com\/#\/schema\/logo\/image\/"}}]}},"uagb_featured_image_src":{"full":false,"thumbnail":false,"medium":false,"medium_large":false,"large":false,"1536x1536":false,"2048x2048":false,"trp-custom-language-flag":false},"uagb_author_info":{"display_name":"AdminSoporte","author_link":"https:\/\/armazemaio.com\/en\/author\/adminsoporte\/"},"uagb_comment_info":0,"uagb_excerpt":"Eventos y festivales Prestaci\u00f3n de servicio en eventos temporales En AIO, somos conocedores de la constante evoluci\u00f3n y presentaci\u00f3n de [&hellip;]","_links":{"self":[{"href":"https:\/\/armazemaio.com\/en\/wp-json\/wp\/v2\/pages\/1907","targetHints":{"allow":["GET"]}}],"collection":[{"href":"https:\/\/armazemaio.com\/en\/wp-json\/wp\/v2\/pages"}],"about":[{"href":"https:\/\/armazemaio.com\/en\/wp-json\/wp\/v2\/types\/page"}],"author":[{"embeddable":true,"href":"https:\/\/armazemaio.com\/en\/wp-json\/wp\/v2\/users\/1"}],"replies":[{"embeddable":true,"href":"https:\/\/armazemaio.com\/en\/wp-json\/wp\/v2\/comments?post=1907"}],"version-history":[{"count":66,"href":"https:\/\/armazemaio.com\/en\/wp-json\/wp\/v2\/pages\/1907\/revisions"}],"predecessor-version":[{"id":2416,"href":"https:\/\/armazemaio.com\/en\/wp-json\/wp\/v2\/pages\/1907\/revisions\/2416"}],"wp:attachment":[{"href":"https:\/\/armazemaio.com\/en\/wp-json\/wp\/v2\/media?parent=1907"}],"curies":[{"name":"wp","href":"https:\/\/api.w.org\/{rel}","templated":true}]}}