{"id":1370,"date":"2025-04-02T05:13:20","date_gmt":"2025-04-02T03:13:20","guid":{"rendered":"https:\/\/armazemaio.com\/?page_id=1370"},"modified":"2025-10-08T08:01:26","modified_gmt":"2025-10-08T06:01:26","slug":"politica-de-privacidad","status":"publish","type":"page","link":"https:\/\/armazemaio.com\/en\/politica-de-privacidad\/","title":{"rendered":"Privacy policy"},"content":{"rendered":"<div data-elementor-type=\"wp-page\" data-elementor-id=\"1370\" class=\"elementor elementor-1370\">\n\t\t\t\t<div class=\"elementor-element elementor-element-7fq0up9 e-flex e-con-boxed e-con e-parent\" data-id=\"7fq0up9\" data-element_type=\"container\" data-settings=\"{&quot;background_background&quot;:&quot;classic&quot;}\">\n\t\t\t\t\t<div class=\"e-con-inner\">\n\t\t<div class=\"elementor-element elementor-element-d21b7e0 e-flex e-con-boxed e-con e-child\" data-id=\"d21b7e0\" data-element_type=\"container\">\n\t\t\t\t\t<div class=\"e-con-inner\">\n\t\t\t\t<div class=\"elementor-element elementor-element-e9fd9dc elementor-widget elementor-widget-heading\" data-id=\"e9fd9dc\" data-element_type=\"widget\" data-widget_type=\"heading.default\">\n\t\t\t\t<div class=\"elementor-widget-container\">\n\t\t\t\t\t<h1 class=\"elementor-heading-title elementor-size-default\">Privacy policy<\/h1>\t\t\t\t<\/div>\n\t\t\t\t<\/div>\n\t\t\t\t\t<\/div>\n\t\t\t\t<\/div>\n\t\t\t\t\t<\/div>\n\t\t\t\t<\/div>\n\t\t\t\t<section class=\"elementor-section elementor-top-section elementor-element elementor-element-qu2cer0 elementor-section-content-top elementor-section-boxed elementor-section-height-default elementor-section-height-default\" data-id=\"qu2cer0\" data-element_type=\"section\" data-settings=\"{&quot;background_background&quot;:&quot;classic&quot;}\">\n\t\t\t\t\t\t\t<div class=\"elementor-background-overlay\"><\/div>\n\t\t\t\t\t\t\t<div class=\"elementor-container elementor-column-gap-no\">\n\t\t\t\t\t<div class=\"elementor-column elementor-col-100 elementor-top-column elementor-element elementor-element-5312e3d\" data-id=\"5312e3d\" data-element_type=\"column\">\n\t\t\t<div class=\"elementor-widget-wrap elementor-element-populated\">\n\t\t\t\t\t\t<div class=\"elementor-element elementor-element-6e21eec elementor-widget elementor-widget-heading\" data-id=\"6e21eec\" data-element_type=\"widget\" data-widget_type=\"heading.default\">\n\t\t\t\t<div class=\"elementor-widget-container\">\n\t\t\t\t\t<h2 class=\"elementor-heading-title elementor-size-default\">Privacy policy<\/h2>\t\t\t\t<\/div>\n\t\t\t\t<\/div>\n\t\t\t\t<div class=\"elementor-element elementor-element-5db2f79 elementor-widget-divider--view-line elementor-widget elementor-widget-divider\" data-id=\"5db2f79\" data-element_type=\"widget\" data-widget_type=\"divider.default\">\n\t\t\t\t<div class=\"elementor-widget-container\">\n\t\t\t\t\t\t\t<div class=\"elementor-divider\">\n\t\t\t<span class=\"elementor-divider-separator\">\n\t\t\t\t\t\t<\/span>\n\t\t<\/div>\n\t\t\t\t\t\t<\/div>\n\t\t\t\t<\/div>\n\t\t\t\t<div class=\"elementor-element elementor-element-7b7d202 elementor-invisible elementor-widget elementor-widget-text-editor\" data-id=\"7b7d202\" data-element_type=\"widget\" data-settings=\"{&quot;_animation&quot;:&quot;slideInUp&quot;}\" data-widget_type=\"text-editor.default\">\n\t\t\t\t<div class=\"elementor-widget-container\">\n\t\t\t\t\t\t\t\t\t<p><span style=\"font-style: inherit; font-weight: inherit;\">AIO Armaz\u00e9m S.L. (the \u2018Company\u2019) is an organisation dedicated to the design, manufacture and marketing of industrial and commercial refrigeration machinery, with a deep commitment to the protection of personal data. The company processes personal data responsibly, complying with current legislation and establishing the necessary procedures to protect the privacy of all individuals who interact with AIO Armaz\u00e9m.<\/span><\/p>\n<p><!-- \/wp:kubio\/text --><!-- wp:kubio\/text {\"kubio\":{\"styleRef\":\"-VhCyj7FV\",\"hash\":\"lOjrzlczG\",\"style\":{\"descendants\":{\"text\":{\"textAlign\":\"left\"}}}}} --><\/p>\n<p><!-- \/wp:kubio\/text --><!-- \/wp:kubio\/column --><!-- \/wp:kubio\/row --><!-- \/wp:kubio\/section --><\/p>\t\t\t\t\t\t\t\t<\/div>\n\t\t\t\t<\/div>\n\t\t\t\t<div class=\"elementor-element elementor-element-a722b6b elementor-widget elementor-widget-heading\" data-id=\"a722b6b\" data-element_type=\"widget\" data-widget_type=\"heading.default\">\n\t\t\t\t<div class=\"elementor-widget-container\">\n\t\t\t\t\t<h2 class=\"elementor-heading-title elementor-size-default\">Purpose<\/h2>\t\t\t\t<\/div>\n\t\t\t\t<\/div>\n\t\t\t\t<div class=\"elementor-element elementor-element-1204d7d elementor-widget-divider--view-line elementor-widget elementor-widget-divider\" data-id=\"1204d7d\" data-element_type=\"widget\" data-widget_type=\"divider.default\">\n\t\t\t\t<div class=\"elementor-widget-container\">\n\t\t\t\t\t\t\t<div class=\"elementor-divider\">\n\t\t\t<span class=\"elementor-divider-separator\">\n\t\t\t\t\t\t<\/span>\n\t\t<\/div>\n\t\t\t\t\t\t<\/div>\n\t\t\t\t<\/div>\n\t\t\t\t<div class=\"elementor-element elementor-element-64c55a5 elementor-invisible elementor-widget elementor-widget-text-editor\" data-id=\"64c55a5\" data-element_type=\"widget\" data-settings=\"{&quot;_animation&quot;:&quot;slideInUp&quot;}\" data-widget_type=\"text-editor.default\">\n\t\t\t\t<div class=\"elementor-widget-container\">\n\t\t\t\t\t\t\t\t\t<p>The Personal Data Protection Policy aims to guarantee compliance with applicable regulations and ensure respect for the right to data privacy of all individuals related to AIO Armaz\u00e9m. This policy is designed to establish the basis and principles for how the Company handles personal data, implementing organisational and security measures for its proper management.<br \/>AIO Armaz\u00e9m undertakes to act with proactive responsibility, constantly monitoring compliance with this policy and assigning appropriate responsibilities to staff involved in data processing.<\/p>\n<p><!-- \/wp:kubio\/text --><!-- wp:kubio\/text {\"kubio\":{\"styleRef\":\"-VhCyj7FV\",\"hash\":\"IBIe9oOlo\",\"style\":{\"descendants\":{\"text\":{\"textAlign\":\"left\"}}}}} --><\/p>\n<p><!-- \/wp:kubio\/text --><!-- \/wp:kubio\/column --><!-- \/wp:kubio\/row --><!-- \/wp:kubio\/section --><\/p>\t\t\t\t\t\t\t\t<\/div>\n\t\t\t\t<\/div>\n\t\t\t\t<div class=\"elementor-element elementor-element-7991e78 elementor-widget elementor-widget-heading\" data-id=\"7991e78\" data-element_type=\"widget\" data-widget_type=\"heading.default\">\n\t\t\t\t<div class=\"elementor-widget-container\">\n\t\t\t\t\t<h2 class=\"elementor-heading-title elementor-size-default\">Scope of application<\/h2>\t\t\t\t<\/div>\n\t\t\t\t<\/div>\n\t\t\t\t<div class=\"elementor-element elementor-element-aed1ed2 elementor-widget-divider--view-line elementor-widget elementor-widget-divider\" data-id=\"aed1ed2\" data-element_type=\"widget\" data-widget_type=\"divider.default\">\n\t\t\t\t<div class=\"elementor-widget-container\">\n\t\t\t\t\t\t\t<div class=\"elementor-divider\">\n\t\t\t<span class=\"elementor-divider-separator\">\n\t\t\t\t\t\t<\/span>\n\t\t<\/div>\n\t\t\t\t\t\t<\/div>\n\t\t\t\t<\/div>\n\t\t\t\t<div class=\"elementor-element elementor-element-9f5011e elementor-invisible elementor-widget elementor-widget-text-editor\" data-id=\"9f5011e\" data-element_type=\"widget\" data-settings=\"{&quot;_animation&quot;:&quot;slideInUp&quot;}\" data-widget_type=\"text-editor.default\">\n\t\t\t\t<div class=\"elementor-widget-container\">\n\t\t\t\t\t\t\t\t\t<p>This Personal Data Protection Policy applies to AIO Armaz\u00e9m, its administrators, managers, employees, as well as all persons who interact with the company, including service providers with access to personal data (\u2018Data Processors\u2019).<\/p>\n<p><!-- \/wp:kubio\/text --><!-- wp:kubio\/text {\"kubio\":{\"styleRef\":\"-VhCyj7FV\",\"hash\":\"NFbyfXIzM\",\"style\":{\"descendants\":{\"text\":{\"textAlign\":\"left\"}}}}} --><\/p>\n<p><!-- \/wp:kubio\/text --><!-- \/wp:kubio\/column --><!-- \/wp:kubio\/row --><!-- \/wp:kubio\/section --><\/p>\t\t\t\t\t\t\t\t<\/div>\n\t\t\t\t<\/div>\n\t\t\t\t<div class=\"elementor-element elementor-element-a98974d elementor-widget elementor-widget-heading\" data-id=\"a98974d\" data-element_type=\"widget\" data-widget_type=\"heading.default\">\n\t\t\t\t<div class=\"elementor-widget-container\">\n\t\t\t\t\t<h2 class=\"elementor-heading-title elementor-size-default\">Principles of personal data processing<\/h2>\t\t\t\t<\/div>\n\t\t\t\t<\/div>\n\t\t\t\t<div class=\"elementor-element elementor-element-6f77256 elementor-widget-divider--view-line elementor-widget elementor-widget-divider\" data-id=\"6f77256\" data-element_type=\"widget\" data-widget_type=\"divider.default\">\n\t\t\t\t<div class=\"elementor-widget-container\">\n\t\t\t\t\t\t\t<div class=\"elementor-divider\">\n\t\t\t<span class=\"elementor-divider-separator\">\n\t\t\t\t\t\t<\/span>\n\t\t<\/div>\n\t\t\t\t\t\t<\/div>\n\t\t\t\t<\/div>\n\t\t\t\t<div class=\"elementor-element elementor-element-b068cf2 elementor-invisible elementor-widget elementor-widget-text-editor\" data-id=\"b068cf2\" data-element_type=\"widget\" data-settings=\"{&quot;_animation&quot;:&quot;slideInUp&quot;}\" data-widget_type=\"text-editor.default\">\n\t\t\t\t<div class=\"elementor-widget-container\">\n\t\t\t\t\t\t\t\t\t<p>AIO Armaz\u00e9m will strictly comply with data protection legislation, adopting the principle of \u2018proactive responsibility\u2019 and taking a \u2018risk-based approach\u2019 to protect the rights of data subjects. The principles governing the processing of personal data at AIO Armaz\u00e9m include:<br \/>Lawfulness, fairness, transparency and purpose limitation. Data will only be processed with the prior consent of the data subject, or when there is another valid legal basis for doing so. Furthermore, processing will be aligned with specific, legitimate and clearly defined purposes.<br \/>Data minimisation. Only data that is strictly necessary to fulfil the established purposes will be collected.<br \/>Accuracy. Personal data shall be accurate and, where necessary, kept up to date. Measures shall be taken to correct or delete inaccurate data promptly.<br \/>Limitation of retention period. Data will be retained only for as long as necessary to fulfil the purposes for which it was collected.<br \/>Integrity and confidentiality. AIO Armaz\u00e9m shall take appropriate technical and organisational measures to protect personal data against unauthorised access, loss, destruction or accidental damage.<br \/>Data transfers. AIO Armaz\u00e9m prohibits the collection of personal data from unlawful sources or through practices that contravene the law. Data will be processed in accordance with the principles of legality, transparency and security.<br \/>Hiring suppliers with access to data. The Company will only hire suppliers who guarantee the application of adequate security measures in data processing. Legal agreements will be formalised with these third parties to ensure data protection.<br \/>International data transfers. Any transfer of data outside the European Economic Area (EEA) will be carried out in accordance with the legal requirements set out in European legislation.<br \/>Rights of data subjects. AIO Armaz\u00e9m guarantees the exercise of the rights of access, rectification, erasure, restriction, objection and portability by data subjects. Internal procedures will be designed to facilitate the exercise of these rights, in compliance with the applicable legal requirements.<br \/>AIO Armaz\u00e9m promotes the integration of these principles into the design and implementation of its operational procedures, products and services, as well as into contracts and agreements with third parties.<\/p>\n<p><!-- \/wp:kubio\/text --><!-- wp:kubio\/text {\"kubio\":{\"styleRef\":\"-VhCyj7FV\",\"hash\":\"5W0r8xH8-\",\"style\":{\"descendants\":{\"text\":{\"textAlign\":\"left\"}}}}} --><\/p>\n<p><!-- \/wp:kubio\/text --><!-- \/wp:kubio\/column --><!-- \/wp:kubio\/row --><!-- \/wp:kubio\/section --><\/p>\t\t\t\t\t\t\t\t<\/div>\n\t\t\t\t<\/div>\n\t\t\t\t<div class=\"elementor-element elementor-element-ffc7da0 elementor-widget elementor-widget-heading\" data-id=\"ffc7da0\" data-element_type=\"widget\" data-widget_type=\"heading.default\">\n\t\t\t\t<div class=\"elementor-widget-container\">\n\t\t\t\t\t<h2 class=\"elementor-heading-title elementor-size-default\">Monitoring and evaluation<\/h2>\t\t\t\t<\/div>\n\t\t\t\t<\/div>\n\t\t\t\t<div class=\"elementor-element elementor-element-0dd38f8 elementor-widget-divider--view-line elementor-widget elementor-widget-divider\" data-id=\"0dd38f8\" data-element_type=\"widget\" data-widget_type=\"divider.default\">\n\t\t\t\t<div class=\"elementor-widget-container\">\n\t\t\t\t\t\t\t<div class=\"elementor-divider\">\n\t\t\t<span class=\"elementor-divider-separator\">\n\t\t\t\t\t\t<\/span>\n\t\t<\/div>\n\t\t\t\t\t\t<\/div>\n\t\t\t\t<\/div>\n\t\t\t\t<div class=\"elementor-element elementor-element-7ab0176 elementor-invisible elementor-widget elementor-widget-text-editor\" data-id=\"7ab0176\" data-element_type=\"widget\" data-settings=\"{&quot;_animation&quot;:&quot;slideInUp&quot;}\" data-widget_type=\"text-editor.default\">\n\t\t\t\t<div class=\"elementor-widget-container\">\n\t\t\t\t\t\t\t\t\t<p>The company will carry out periodic assessments to verify the effectiveness of the security measures adopted in the processing of personal data. These assessments will be carried out at least once a year, or whenever significant changes are made to data processing.<\/p>\n<p><!-- \/wp:kubio\/text --><!-- wp:kubio\/text {\"kubio\":{\"styleRef\":\"-VhCyj7FV\",\"hash\":\"WgTHwb6Wg\",\"style\":{\"descendants\":{\"text\":{\"textAlign\":\"left\"}}}}} --><\/p>\n<p><!-- \/wp:kubio\/text --><!-- \/wp:kubio\/column --><!-- \/wp:kubio\/row --><!-- \/wp:kubio\/section --><\/p>\t\t\t\t\t\t\t\t<\/div>\n\t\t\t\t<\/div>\n\t\t\t\t<div class=\"elementor-element elementor-element-29ead27 elementor-widget elementor-widget-heading\" data-id=\"29ead27\" data-element_type=\"widget\" data-widget_type=\"heading.default\">\n\t\t\t\t<div class=\"elementor-widget-container\">\n\t\t\t\t\t<h2 class=\"elementor-heading-title elementor-size-default\">Regulatory compliance<\/h2>\t\t\t\t<\/div>\n\t\t\t\t<\/div>\n\t\t\t\t<div class=\"elementor-element elementor-element-10519e6 elementor-widget-divider--view-line elementor-widget elementor-widget-divider\" data-id=\"10519e6\" data-element_type=\"widget\" data-widget_type=\"divider.default\">\n\t\t\t\t<div class=\"elementor-widget-container\">\n\t\t\t\t\t\t\t<div class=\"elementor-divider\">\n\t\t\t<span class=\"elementor-divider-separator\">\n\t\t\t\t\t\t<\/span>\n\t\t<\/div>\n\t\t\t\t\t\t<\/div>\n\t\t\t\t<\/div>\n\t\t\t\t<div class=\"elementor-element elementor-element-c84bcc5 elementor-invisible elementor-widget elementor-widget-text-editor\" data-id=\"c84bcc5\" data-element_type=\"widget\" data-settings=\"{&quot;_animation&quot;:&quot;slideInUp&quot;}\" data-widget_type=\"text-editor.default\">\n\t\t\t\t<div class=\"elementor-widget-container\">\n\t\t\t\t\t\t\t\t\t<p>AIO Armaz\u00e9m S.L. undertakes to comply with all applicable laws and regulations regarding personal data protection, and to ensure this compliance, the company has the support of external consultants specialising in the area of data protection. In addition, AIO Armaz\u00e9m conducts periodic assessments to verify the adequacy of its practices in accordance with current data protection regulations.<\/p>\n<p><!-- \/wp:kubio\/text --><!-- \/wp:kubio\/column --><!-- \/wp:kubio\/row --><!-- \/wp:kubio\/section --><\/p>\t\t\t\t\t\t\t\t<\/div>\n\t\t\t\t<\/div>\n\t\t\t\t\t<\/div>\n\t\t<\/div>\n\t\t\t\t\t<\/div>\n\t\t<\/section>\n\t\t\t\t<\/div>","protected":false},"excerpt":{"rendered":"<p>Pol\u00edtica de privacidad Pol\u00edtica de privacidad AIO Armaz\u00e9m S.L. (la \u00abEmpresa\u00bb) es una organizaci\u00f3n dedicada al dise\u00f1o, fabricaci\u00f3n y comercializaci\u00f3n [&hellip;]<\/p>","protected":false},"author":1,"featured_media":0,"parent":0,"menu_order":0,"comment_status":"closed","ping_status":"closed","template":"","meta":{"_uag_custom_page_level_css":"","site-sidebar-layout":"no-sidebar","site-content-layout":"","ast-site-content-layout":"full-width-container","site-content-style":"default","site-sidebar-style":"default","ast-global-header-display":"","ast-banner-title-visibility":"","ast-main-header-display":"","ast-hfb-above-header-display":"","ast-hfb-below-header-display":"","ast-hfb-mobile-header-display":"","site-post-title":"disabled","ast-breadcrumbs-content":"","ast-featured-img":"disabled","footer-sml-layout":"","theme-transparent-header-meta":"","adv-header-id-meta":"","stick-header-meta":"","header-above-stick-meta":"","header-main-stick-meta":"","header-below-stick-meta":"","astra-migrate-meta-layouts":"default","ast-page-background-enabled":"default","ast-page-background-meta":{"desktop":{"background-color":"var(--ast-global-color-5)","background-image":"","background-repeat":"repeat","background-position":"center center","background-size":"auto","background-attachment":"scroll","background-type":"","background-media":"","overlay-type":"","overlay-color":"","overlay-opacity":"","overlay-gradient":""},"tablet":{"background-color":"","background-image":"","background-repeat":"repeat","background-position":"center center","background-size":"auto","background-attachment":"scroll","background-type":"","background-media":"","overlay-type":"","overlay-color":"","overlay-opacity":"","overlay-gradient":""},"mobile":{"background-color":"","background-image":"","background-repeat":"repeat","background-position":"center center","background-size":"auto","background-attachment":"scroll","background-type":"","background-media":"","overlay-type":"","overlay-color":"","overlay-opacity":"","overlay-gradient":""}},"ast-content-background-meta":{"desktop":{"background-color":"var(--ast-global-color-4)","background-image":"","background-repeat":"repeat","background-position":"center center","background-size":"auto","background-attachment":"scroll","background-type":"","background-media":"","overlay-type":"","overlay-color":"","overlay-opacity":"","overlay-gradient":""},"tablet":{"background-color":"var(--ast-global-color-4)","background-image":"","background-repeat":"repeat","background-position":"center center","background-size":"auto","background-attachment":"scroll","background-type":"","background-media":"","overlay-type":"","overlay-color":"","overlay-opacity":"","overlay-gradient":""},"mobile":{"background-color":"var(--ast-global-color-4)","background-image":"","background-repeat":"repeat","background-position":"center center","background-size":"auto","background-attachment":"scroll","background-type":"","background-media":"","overlay-type":"","overlay-color":"","overlay-opacity":"","overlay-gradient":""}},"footnotes":""},"class_list":["post-1370","page","type-page","status-publish","hentry"],"yoast_head":"<!-- This site is optimized with the Yoast SEO plugin v24.7 - https:\/\/yoast.com\/wordpress\/plugins\/seo\/ -->\n<title>AIO Armaz\u00e9m - Pol\u00edtica de privacidad<\/title>\n<meta name=\"robots\" content=\"noindex, follow, max-snippet:-1, max-image-preview:large, max-video-preview:-1\" \/>\n<meta property=\"og:locale\" content=\"en_GB\" \/>\n<meta property=\"og:type\" content=\"article\" \/>\n<meta property=\"og:title\" content=\"AIO Armaz\u00e9m - Pol\u00edtica de privacidad\" \/>\n<meta property=\"og:description\" content=\"Pol\u00edtica de privacidad Pol\u00edtica de privacidad AIO Armaz\u00e9m S.L. (la \u00abEmpresa\u00bb) es una organizaci\u00f3n dedicada al dise\u00f1o, fabricaci\u00f3n y comercializaci\u00f3n [&hellip;]\" \/>\n<meta property=\"og:url\" content=\"https:\/\/armazemaio.com\/en\/politica-de-privacidad\/\" \/>\n<meta property=\"article:modified_time\" content=\"2025-10-08T06:01:26+00:00\" \/>\n<meta name=\"twitter:card\" content=\"summary_large_image\" \/>\n<meta name=\"twitter:label1\" content=\"Estimated reading time\" \/>\n\t<meta name=\"twitter:data1\" content=\"4 minutes\" \/>\n<script type=\"application\/ld+json\" class=\"yoast-schema-graph\">{\"@context\":\"https:\/\/schema.org\",\"@graph\":[{\"@type\":\"WebPage\",\"@id\":\"https:\/\/armazemaio.com\/politica-de-privacidad\/\",\"url\":\"https:\/\/armazemaio.com\/politica-de-privacidad\/\",\"name\":\"AIO Armaz\u00e9m - Pol\u00edtica de privacidad\",\"isPartOf\":{\"@id\":\"https:\/\/armazemaio.com\/#website\"},\"datePublished\":\"2025-04-02T03:13:20+00:00\",\"dateModified\":\"2025-10-08T06:01:26+00:00\",\"breadcrumb\":{\"@id\":\"https:\/\/armazemaio.com\/politica-de-privacidad\/#breadcrumb\"},\"inLanguage\":\"en-GB\",\"potentialAction\":[{\"@type\":\"ReadAction\",\"target\":[\"https:\/\/armazemaio.com\/politica-de-privacidad\/\"]}]},{\"@type\":\"BreadcrumbList\",\"@id\":\"https:\/\/armazemaio.com\/politica-de-privacidad\/#breadcrumb\",\"itemListElement\":[{\"@type\":\"ListItem\",\"position\":1,\"name\":\"Portada\",\"item\":\"https:\/\/armazemaio.com\/\"},{\"@type\":\"ListItem\",\"position\":2,\"name\":\"Pol\u00edtica de privacidad\"}]},{\"@type\":\"WebSite\",\"@id\":\"https:\/\/armazemaio.com\/#website\",\"url\":\"https:\/\/armazemaio.com\/\",\"name\":\"AIO Armaz\u00e9m\",\"description\":\"\",\"publisher\":{\"@id\":\"https:\/\/armazemaio.com\/#organization\"},\"potentialAction\":[{\"@type\":\"SearchAction\",\"target\":{\"@type\":\"EntryPoint\",\"urlTemplate\":\"https:\/\/armazemaio.com\/?s={search_term_string}\"},\"query-input\":{\"@type\":\"PropertyValueSpecification\",\"valueRequired\":true,\"valueName\":\"search_term_string\"}}],\"inLanguage\":\"en-GB\"},{\"@type\":\"Organization\",\"@id\":\"https:\/\/armazemaio.com\/#organization\",\"name\":\"AIO Armaz\u00e9m\",\"url\":\"https:\/\/armazemaio.com\/\",\"logo\":{\"@type\":\"ImageObject\",\"inLanguage\":\"en-GB\",\"@id\":\"https:\/\/armazemaio.com\/#\/schema\/logo\/image\/\",\"url\":\"https:\/\/armazemaio.com\/wp-content\/uploads\/2025\/03\/logoAIO.png\",\"contentUrl\":\"https:\/\/armazemaio.com\/wp-content\/uploads\/2025\/03\/logoAIO.png\",\"width\":2920,\"height\":886,\"caption\":\"AIO Armaz\u00e9m\"},\"image\":{\"@id\":\"https:\/\/armazemaio.com\/#\/schema\/logo\/image\/\"}}]}<\/script>\n<!-- \/ Yoast SEO plugin. -->","yoast_head_json":{"title":"AIO Armaz\u00e9m - Pol\u00edtica de privacidad","robots":{"index":"noindex","follow":"follow","max-snippet":"max-snippet:-1","max-image-preview":"max-image-preview:large","max-video-preview":"max-video-preview:-1"},"og_locale":"en_GB","og_type":"article","og_title":"AIO Armaz\u00e9m - Pol\u00edtica de privacidad","og_description":"Pol\u00edtica de privacidad Pol\u00edtica de privacidad AIO Armaz\u00e9m S.L. (la \u00abEmpresa\u00bb) es una organizaci\u00f3n dedicada al dise\u00f1o, fabricaci\u00f3n y comercializaci\u00f3n [&hellip;]","og_url":"https:\/\/armazemaio.com\/en\/politica-de-privacidad\/","article_modified_time":"2025-10-08T06:01:26+00:00","twitter_card":"summary_large_image","twitter_misc":{"Estimated reading time":"4 minutes"},"schema":{"@context":"https:\/\/schema.org","@graph":[{"@type":"WebPage","@id":"https:\/\/armazemaio.com\/politica-de-privacidad\/","url":"https:\/\/armazemaio.com\/politica-de-privacidad\/","name":"AIO Armaz\u00e9m - Pol\u00edtica de privacidad","isPartOf":{"@id":"https:\/\/armazemaio.com\/#website"},"datePublished":"2025-04-02T03:13:20+00:00","dateModified":"2025-10-08T06:01:26+00:00","breadcrumb":{"@id":"https:\/\/armazemaio.com\/politica-de-privacidad\/#breadcrumb"},"inLanguage":"en-GB","potentialAction":[{"@type":"ReadAction","target":["https:\/\/armazemaio.com\/politica-de-privacidad\/"]}]},{"@type":"BreadcrumbList","@id":"https:\/\/armazemaio.com\/politica-de-privacidad\/#breadcrumb","itemListElement":[{"@type":"ListItem","position":1,"name":"Portada","item":"https:\/\/armazemaio.com\/"},{"@type":"ListItem","position":2,"name":"Pol\u00edtica de privacidad"}]},{"@type":"WebSite","@id":"https:\/\/armazemaio.com\/#website","url":"https:\/\/armazemaio.com\/","name":"AIO Armaz\u00e9m","description":"","publisher":{"@id":"https:\/\/armazemaio.com\/#organization"},"potentialAction":[{"@type":"SearchAction","target":{"@type":"EntryPoint","urlTemplate":"https:\/\/armazemaio.com\/?s={search_term_string}"},"query-input":{"@type":"PropertyValueSpecification","valueRequired":true,"valueName":"search_term_string"}}],"inLanguage":"en-GB"},{"@type":"Organization","@id":"https:\/\/armazemaio.com\/#organization","name":"AIO Armaz\u00e9m","url":"https:\/\/armazemaio.com\/","logo":{"@type":"ImageObject","inLanguage":"en-GB","@id":"https:\/\/armazemaio.com\/#\/schema\/logo\/image\/","url":"https:\/\/armazemaio.com\/wp-content\/uploads\/2025\/03\/logoAIO.png","contentUrl":"https:\/\/armazemaio.com\/wp-content\/uploads\/2025\/03\/logoAIO.png","width":2920,"height":886,"caption":"AIO Armaz\u00e9m"},"image":{"@id":"https:\/\/armazemaio.com\/#\/schema\/logo\/image\/"}}]}},"uagb_featured_image_src":{"full":false,"thumbnail":false,"medium":false,"medium_large":false,"large":false,"1536x1536":false,"2048x2048":false,"trp-custom-language-flag":false},"uagb_author_info":{"display_name":"AdminSoporte","author_link":"https:\/\/armazemaio.com\/en\/author\/adminsoporte\/"},"uagb_comment_info":0,"uagb_excerpt":"Pol\u00edtica de privacidad Pol\u00edtica de privacidad AIO Armaz\u00e9m S.L. (la \u00abEmpresa\u00bb) es una organizaci\u00f3n dedicada al dise\u00f1o, fabricaci\u00f3n y comercializaci\u00f3n [&hellip;]","_links":{"self":[{"href":"https:\/\/armazemaio.com\/en\/wp-json\/wp\/v2\/pages\/1370","targetHints":{"allow":["GET"]}}],"collection":[{"href":"https:\/\/armazemaio.com\/en\/wp-json\/wp\/v2\/pages"}],"about":[{"href":"https:\/\/armazemaio.com\/en\/wp-json\/wp\/v2\/types\/page"}],"author":[{"embeddable":true,"href":"https:\/\/armazemaio.com\/en\/wp-json\/wp\/v2\/users\/1"}],"replies":[{"embeddable":true,"href":"https:\/\/armazemaio.com\/en\/wp-json\/wp\/v2\/comments?post=1370"}],"version-history":[{"count":32,"href":"https:\/\/armazemaio.com\/en\/wp-json\/wp\/v2\/pages\/1370\/revisions"}],"predecessor-version":[{"id":2518,"href":"https:\/\/armazemaio.com\/en\/wp-json\/wp\/v2\/pages\/1370\/revisions\/2518"}],"wp:attachment":[{"href":"https:\/\/armazemaio.com\/en\/wp-json\/wp\/v2\/media?parent=1370"}],"curies":[{"name":"wp","href":"https:\/\/api.w.org\/{rel}","templated":true}]}}