{"id":1230,"date":"2025-03-31T14:06:53","date_gmt":"2025-03-31T12:06:53","guid":{"rendered":"https:\/\/armazemaio.com\/?page_id=1230"},"modified":"2025-12-30T13:36:12","modified_gmt":"2025-12-30T12:36:12","slug":"servicio-postventa-y-asistencia-tecnica","status":"publish","type":"page","link":"https:\/\/armazemaio.com\/en\/servicio-postventa-y-asistencia-tecnica\/","title":{"rendered":"Servicio postventa y asistencia t\u00e9cnica"},"content":{"rendered":"<div data-elementor-type=\"wp-page\" data-elementor-id=\"1230\" class=\"elementor elementor-1230\">\n\t\t\t\t<div class=\"elementor-element elementor-element-6dgomv9 e-flex e-con-boxed e-con e-parent\" data-id=\"6dgomv9\" data-element_type=\"container\" data-settings=\"{&quot;background_background&quot;:&quot;classic&quot;}\">\n\t\t\t\t\t<div class=\"e-con-inner\">\n\t\t<div class=\"elementor-element elementor-element-d21b7e0 e-flex e-con-boxed e-con e-child\" data-id=\"d21b7e0\" data-element_type=\"container\">\n\t\t\t\t\t<div class=\"e-con-inner\">\n\t\t\t\t<div class=\"elementor-element elementor-element-e9fd9dc elementor-widget elementor-widget-heading\" data-id=\"e9fd9dc\" data-element_type=\"widget\" data-widget_type=\"heading.default\">\n\t\t\t\t<div class=\"elementor-widget-container\">\n\t\t\t\t\t<h1 class=\"elementor-heading-title elementor-size-default\">Customer service and\ntechnical assistance<\/h1>\t\t\t\t<\/div>\n\t\t\t\t<\/div>\n\t\t\t\t\t<\/div>\n\t\t\t\t<\/div>\n\t\t\t\t\t<\/div>\n\t\t\t\t<\/div>\n\t\t\t\t<section class=\"elementor-section elementor-top-section elementor-element elementor-element-53dc421 elementor-section-boxed elementor-section-height-default elementor-section-height-default\" data-id=\"53dc421\" data-element_type=\"section\" data-settings=\"{&quot;animation&quot;:&quot;none&quot;,&quot;background_background&quot;:&quot;classic&quot;}\">\n\t\t\t\t\t\t<div class=\"elementor-container elementor-column-gap-no\">\n\t\t\t\t\t<div class=\"elementor-column elementor-col-100 elementor-top-column elementor-element elementor-element-ffa7e11\" data-id=\"ffa7e11\" data-element_type=\"column\">\n\t\t\t<div class=\"elementor-widget-wrap elementor-element-populated\">\n\t\t\t\t\t\t<div class=\"elementor-element elementor-element-5e67ba7 elementor-align-center elementor-widget elementor-widget-button\" data-id=\"5e67ba7\" data-element_type=\"widget\" data-widget_type=\"button.default\">\n\t\t\t\t<div class=\"elementor-widget-container\">\n\t\t\t\t\t\t\t\t\t<div class=\"elementor-button-wrapper\">\n\t\t\t\t\t<a class=\"elementor-button elementor-button-link elementor-size-sm\" href=\"https:\/\/sat.armazemaio.es\/auth?redirect=\" target=\"_blank\" rel=\"nofollow\">\n\t\t\t\t\t\t<span class=\"elementor-button-content-wrapper\">\n\t\t\t\t\t\t\t\t\t<span class=\"elementor-button-text\">Contact your technical support service<\/span>\n\t\t\t\t\t<\/span>\n\t\t\t\t\t<\/a>\n\t\t\t\t<\/div>\n\t\t\t\t\t\t\t\t<\/div>\n\t\t\t\t<\/div>\n\t\t\t\t\t<\/div>\n\t\t<\/div>\n\t\t\t\t\t<\/div>\n\t\t<\/section>\n\t\t\t\t<section class=\"elementor-section elementor-top-section elementor-element elementor-element-0tibyy4 elementor-section-content-middle elementor-reverse-mobile elementor-section-boxed elementor-section-height-default elementor-section-height-default elementor-invisible\" data-id=\"0tibyy4\" data-element_type=\"section\" data-settings=\"{&quot;background_background&quot;:&quot;classic&quot;,&quot;animation&quot;:&quot;fadeInLeft&quot;}\">\n\t\t\t\t\t\t\t<div class=\"elementor-background-overlay\"><\/div>\n\t\t\t\t\t\t\t<div class=\"elementor-container elementor-column-gap-no\">\n\t\t\t\t\t<div class=\"elementor-column elementor-col-50 elementor-top-column elementor-element elementor-element-b0b74d8\" data-id=\"b0b74d8\" data-element_type=\"column\">\n\t\t\t<div class=\"elementor-widget-wrap elementor-element-populated\">\n\t\t\t\t\t\t<div class=\"elementor-element elementor-element-327f367 elementor-widget elementor-widget-text-editor\" data-id=\"327f367\" data-element_type=\"widget\" data-widget_type=\"text-editor.default\">\n\t\t\t\t<div class=\"elementor-widget-container\">\n\t\t\t\t\t\t\t\t\t<p class=\"p1\"><span class=\"s1\">In AIO, <\/span><strong>we have our own experts<\/strong> <strong>that address needs our \ncustomers<\/strong><span class=\"s1\"> have after purchasing the products through our \ncompany.<\/span><\/p><p class=\"p3 translation-block\">In this way, <strong>we offer additional value in the acquisition of products <\/strong>, as we offer a solution that encompasses the entire process, from the selection of the purchase to after-sales assistance, repair and maintenance<\/p><p class=\"p3 translation-block\"><strong>Our technicians have the specific technical knowledge required for the product<\/strong>, thanks to the training received from the manufacturers of the products with which we collaborate.<\/p>\t\t\t\t\t\t\t\t<\/div>\n\t\t\t\t<\/div>\n\t\t\t\t\t<\/div>\n\t\t<\/div>\n\t\t\t\t<div class=\"elementor-column elementor-col-50 elementor-top-column elementor-element elementor-element-51962fb\" data-id=\"51962fb\" data-element_type=\"column\" data-settings=\"{&quot;background_background&quot;:&quot;classic&quot;}\">\n\t\t\t<div class=\"elementor-widget-wrap elementor-element-populated\">\n\t\t\t\t\t\t<div class=\"elementor-element elementor-element-6315460 elementor-widget elementor-widget-image\" data-id=\"6315460\" data-element_type=\"widget\" data-widget_type=\"image.default\">\n\t\t\t\t<div class=\"elementor-widget-container\">\n\t\t\t\t\t\t\t\t\t\t\t\t\t\t\t<img fetchpriority=\"high\" decoding=\"async\" width=\"598\" height=\"597\" src=\"https:\/\/armazemaio.com\/wp-content\/uploads\/2025\/05\/repair.png\" class=\"attachment-full size-full wp-image-2342\" alt=\"\" srcset=\"https:\/\/armazemaio.com\/wp-content\/uploads\/2025\/05\/repair.png 598w, https:\/\/armazemaio.com\/wp-content\/uploads\/2025\/05\/repair-300x300.png 300w, https:\/\/armazemaio.com\/wp-content\/uploads\/2025\/05\/repair-80x80.png 80w\" sizes=\"(max-width: 598px) 100vw, 598px\" \/>\t\t\t\t\t\t\t\t\t\t\t\t\t\t\t<\/div>\n\t\t\t\t<\/div>\n\t\t\t\t\t<\/div>\n\t\t<\/div>\n\t\t\t\t\t<\/div>\n\t\t<\/section>\n\t\t<div class=\"elementor-element elementor-element-8c3fb57 e-flex e-con-boxed e-con e-parent\" data-id=\"8c3fb57\" data-element_type=\"container\" data-settings=\"{&quot;background_background&quot;:&quot;classic&quot;}\">\n\t\t\t\t\t<div class=\"e-con-inner\">\n\t\t<div class=\"elementor-element elementor-element-a9ed0f8 e-con-full e-flex e-con e-child\" data-id=\"a9ed0f8\" data-element_type=\"container\">\n\t\t\t\t<div class=\"elementor-element elementor-element-1c403a7 elementor-widget elementor-widget-heading\" data-id=\"1c403a7\" data-element_type=\"widget\" data-widget_type=\"heading.default\">\n\t\t\t\t<div class=\"elementor-widget-container\">\n\t\t\t\t\t<h2 class=\"elementor-heading-title elementor-size-default\">How we work<\/h2>\t\t\t\t<\/div>\n\t\t\t\t<\/div>\n\t\t\t\t<div class=\"elementor-element elementor-element-bd59a41 elementor-widget-divider--view-line elementor-widget elementor-widget-divider\" data-id=\"bd59a41\" data-element_type=\"widget\" data-widget_type=\"divider.default\">\n\t\t\t\t<div class=\"elementor-widget-container\">\n\t\t\t\t\t\t\t<div class=\"elementor-divider\">\n\t\t\t<span class=\"elementor-divider-separator\">\n\t\t\t\t\t\t<\/span>\n\t\t<\/div>\n\t\t\t\t\t\t<\/div>\n\t\t\t\t<\/div>\n\t\t\t\t<div class=\"elementor-element elementor-element-10f6d36 elementor-widget elementor-widget-text-editor\" data-id=\"10f6d36\" data-element_type=\"widget\" data-widget_type=\"text-editor.default\">\n\t\t\t\t<div class=\"elementor-widget-container\">\n\t\t\t\t\t\t\t\t\t<p class=\"p1 translation-block\">We offer total flexibility in favour of the customer, either by managing the required repairs in person \nor in the workshop, or by <strong>managing and processing of breakdowns<\/strong> under the modality of replacement machine. Thanks to our fulfilment area, we have the surface area, resources and personnel to simplify assistance in accordance with the instructions and protocol that the client wishes to establish with us.<\/p><p class=\"p1 translation-block\">Our goal is to offer a <strong>quick and professional solution<\/strong> to the source of possible incidents, to be close to the users, to allow the customer to be unconcerned and to have confidence in the users.<\/p>\t\t\t\t\t\t\t\t<\/div>\n\t\t\t\t<\/div>\n\t\t\t\t<\/div>\n\t\t\t\t\t<\/div>\n\t\t\t\t<\/div>\n\t\t\t\t<section class=\"elementor-section elementor-top-section elementor-element elementor-element-64rj59d elementor-section-content-middle elementor-section-boxed elementor-section-height-default elementor-section-height-default elementor-invisible\" data-id=\"64rj59d\" data-element_type=\"section\" data-settings=\"{&quot;background_background&quot;:&quot;classic&quot;,&quot;animation&quot;:&quot;fadeInRight&quot;}\">\n\t\t\t\t\t\t\t<div class=\"elementor-background-overlay\"><\/div>\n\t\t\t\t\t\t\t<div class=\"elementor-container elementor-column-gap-no\">\n\t\t\t\t\t<div class=\"elementor-column elementor-col-50 elementor-top-column elementor-element elementor-element-5fcceb3\" data-id=\"5fcceb3\" data-element_type=\"column\">\n\t\t\t<div class=\"elementor-widget-wrap elementor-element-populated\">\n\t\t\t\t\t\t<div class=\"elementor-element elementor-element-1726a4d elementor-widget elementor-widget-image\" data-id=\"1726a4d\" data-element_type=\"widget\" data-widget_type=\"image.default\">\n\t\t\t\t<div class=\"elementor-widget-container\">\n\t\t\t\t\t\t\t\t\t\t\t\t\t\t\t<img decoding=\"async\" width=\"599\" height=\"597\" src=\"https:\/\/armazemaio.com\/wp-content\/uploads\/2025\/05\/repair2.png\" class=\"attachment-full size-full wp-image-2346\" alt=\"\" srcset=\"https:\/\/armazemaio.com\/wp-content\/uploads\/2025\/05\/repair2.png 599w, https:\/\/armazemaio.com\/wp-content\/uploads\/2025\/05\/repair2-300x300.png 300w, https:\/\/armazemaio.com\/wp-content\/uploads\/2025\/05\/repair2-80x80.png 80w\" sizes=\"(max-width: 599px) 100vw, 599px\" \/>\t\t\t\t\t\t\t\t\t\t\t\t\t\t\t<\/div>\n\t\t\t\t<\/div>\n\t\t\t\t\t<\/div>\n\t\t<\/div>\n\t\t\t\t<div class=\"elementor-column elementor-col-50 elementor-top-column elementor-element elementor-element-04229e9\" data-id=\"04229e9\" data-element_type=\"column\">\n\t\t\t<div class=\"elementor-widget-wrap elementor-element-populated\">\n\t\t\t\t\t\t<div class=\"elementor-element elementor-element-b1bbbe1 elementor-widget elementor-widget-text-editor\" data-id=\"b1bbbe1\" data-element_type=\"widget\" data-widget_type=\"text-editor.default\">\n\t\t\t\t<div class=\"elementor-widget-container\">\n\t\t\t\t\t\t\t\t\t<p class=\"p1 translation-block\"><strong>We carry out after-sales SAT management both in person at the installation sites and at our own facilities<\/strong>, where we have a repair area well stocked with spare parts, in order to return the machine to operation as quickly as possible for a new use, for the benefit of our \ncustomers.<\/p><p class=\"p1 translation-block\">Thanks to the specialisation of the products we \nmarket, <strong>the best productivity is guaranteed for the customer<\/strong>, as the control and planning of our technicians\u2019 working day is much more accessible and easily manageable in terms of intervention times.<\/p><p class=\"p1 translation-block\">Our commitment is also extended to the <strong>immediate availability of spare parts<\/strong>, thanks to \nthe existing stock in our facilities.<\/p>\t\t\t\t\t\t\t\t<\/div>\n\t\t\t\t<\/div>\n\t\t\t\t\t<\/div>\n\t\t<\/div>\n\t\t\t\t\t<\/div>\n\t\t<\/section>\n\t\t\t\t<\/div>","protected":false},"excerpt":{"rendered":"<p>Servicio postventa y asistencia t\u00e9cnica Contacta con tu servicio SAT En AIO, disponemos de t\u00e9cnicos propios con los cuales cubrir [&hellip;]<\/p>","protected":false},"author":1,"featured_media":0,"parent":0,"menu_order":0,"comment_status":"closed","ping_status":"closed","template":"","meta":{"_uag_custom_page_level_css":"","site-sidebar-layout":"no-sidebar","site-content-layout":"","ast-site-content-layout":"full-width-container","site-content-style":"default","site-sidebar-style":"default","ast-global-header-display":"","ast-banner-title-visibility":"","ast-main-header-display":"","ast-hfb-above-header-display":"","ast-hfb-below-header-display":"","ast-hfb-mobile-header-display":"","site-post-title":"disabled","ast-breadcrumbs-content":"","ast-featured-img":"disabled","footer-sml-layout":"","theme-transparent-header-meta":"","adv-header-id-meta":"","stick-header-meta":"","header-above-stick-meta":"","header-main-stick-meta":"","header-below-stick-meta":"","astra-migrate-meta-layouts":"default","ast-page-background-enabled":"default","ast-page-background-meta":{"desktop":{"background-color":"var(--ast-global-color-5)","background-image":"","background-repeat":"repeat","background-position":"center center","background-size":"auto","background-attachment":"scroll","background-type":"","background-media":"","overlay-type":"","overlay-color":"","overlay-opacity":"","overlay-gradient":""},"tablet":{"background-color":"","background-image":"","background-repeat":"repeat","background-position":"center center","background-size":"auto","background-attachment":"scroll","background-type":"","background-media":"","overlay-type":"","overlay-color":"","overlay-opacity":"","overlay-gradient":""},"mobile":{"background-color":"","background-image":"","background-repeat":"repeat","background-position":"center center","background-size":"auto","background-attachment":"scroll","background-type":"","background-media":"","overlay-type":"","overlay-color":"","overlay-opacity":"","overlay-gradient":""}},"ast-content-background-meta":{"desktop":{"background-color":"var(--ast-global-color-4)","background-image":"","background-repeat":"repeat","background-position":"center center","background-size":"auto","background-attachment":"scroll","background-type":"","background-media":"","overlay-type":"","overlay-color":"","overlay-opacity":"","overlay-gradient":""},"tablet":{"background-color":"var(--ast-global-color-4)","background-image":"","background-repeat":"repeat","background-position":"center center","background-size":"auto","background-attachment":"scroll","background-type":"","background-media":"","overlay-type":"","overlay-color":"","overlay-opacity":"","overlay-gradient":""},"mobile":{"background-color":"var(--ast-global-color-4)","background-image":"","background-repeat":"repeat","background-position":"center center","background-size":"auto","background-attachment":"scroll","background-type":"","background-media":"","overlay-type":"","overlay-color":"","overlay-opacity":"","overlay-gradient":""}},"footnotes":""},"class_list":["post-1230","page","type-page","status-publish","hentry"],"yoast_head":"<!-- This site is optimized with the Yoast SEO plugin v24.7 - https:\/\/yoast.com\/wordpress\/plugins\/seo\/ -->\n<title>AIO Armaz\u00e9m - Servicio postventa y asistencia t\u00e9cnica<\/title>\n<meta name=\"robots\" content=\"noindex, follow, max-snippet:-1, max-image-preview:large, max-video-preview:-1\" \/>\n<meta property=\"og:locale\" content=\"en_GB\" \/>\n<meta property=\"og:type\" content=\"article\" \/>\n<meta property=\"og:title\" content=\"AIO Armaz\u00e9m - Servicio postventa y asistencia t\u00e9cnica\" \/>\n<meta property=\"og:description\" content=\"Servicio postventa y asistencia t\u00e9cnica Contacta con tu servicio SAT En AIO, disponemos de t\u00e9cnicos propios con los cuales cubrir [&hellip;]\" \/>\n<meta property=\"og:url\" content=\"https:\/\/armazemaio.com\/en\/servicio-postventa-y-asistencia-tecnica\/\" \/>\n<meta property=\"article:modified_time\" content=\"2025-12-30T12:36:12+00:00\" \/>\n<meta property=\"og:image\" content=\"https:\/\/armazemaio.com\/wp-content\/uploads\/2025\/05\/repair.png\" \/>\n\t<meta property=\"og:image:width\" content=\"598\" \/>\n\t<meta property=\"og:image:height\" content=\"597\" \/>\n\t<meta property=\"og:image:type\" content=\"image\/png\" \/>\n<meta name=\"twitter:card\" content=\"summary_large_image\" \/>\n<meta name=\"twitter:label1\" content=\"Estimated reading time\" \/>\n\t<meta name=\"twitter:data1\" content=\"2 minutes\" \/>\n<script type=\"application\/ld+json\" class=\"yoast-schema-graph\">{\"@context\":\"https:\/\/schema.org\",\"@graph\":[{\"@type\":\"WebPage\",\"@id\":\"https:\/\/armazemaio.com\/servicio-postventa-y-asistencia-tecnica\/\",\"url\":\"https:\/\/armazemaio.com\/servicio-postventa-y-asistencia-tecnica\/\",\"name\":\"AIO Armaz\u00e9m - Servicio postventa y asistencia t\u00e9cnica\",\"isPartOf\":{\"@id\":\"https:\/\/armazemaio.com\/#website\"},\"primaryImageOfPage\":{\"@id\":\"https:\/\/armazemaio.com\/servicio-postventa-y-asistencia-tecnica\/#primaryimage\"},\"image\":{\"@id\":\"https:\/\/armazemaio.com\/servicio-postventa-y-asistencia-tecnica\/#primaryimage\"},\"thumbnailUrl\":\"https:\/\/armazemaio.com\/wp-content\/uploads\/2025\/05\/repair.png\",\"datePublished\":\"2025-03-31T12:06:53+00:00\",\"dateModified\":\"2025-12-30T12:36:12+00:00\",\"breadcrumb\":{\"@id\":\"https:\/\/armazemaio.com\/servicio-postventa-y-asistencia-tecnica\/#breadcrumb\"},\"inLanguage\":\"en-GB\",\"potentialAction\":[{\"@type\":\"ReadAction\",\"target\":[\"https:\/\/armazemaio.com\/servicio-postventa-y-asistencia-tecnica\/\"]}]},{\"@type\":\"ImageObject\",\"inLanguage\":\"en-GB\",\"@id\":\"https:\/\/armazemaio.com\/servicio-postventa-y-asistencia-tecnica\/#primaryimage\",\"url\":\"https:\/\/armazemaio.com\/wp-content\/uploads\/2025\/05\/repair.png\",\"contentUrl\":\"https:\/\/armazemaio.com\/wp-content\/uploads\/2025\/05\/repair.png\"},{\"@type\":\"BreadcrumbList\",\"@id\":\"https:\/\/armazemaio.com\/servicio-postventa-y-asistencia-tecnica\/#breadcrumb\",\"itemListElement\":[{\"@type\":\"ListItem\",\"position\":1,\"name\":\"Portada\",\"item\":\"https:\/\/armazemaio.com\/\"},{\"@type\":\"ListItem\",\"position\":2,\"name\":\"Servicio postventa y asistencia t\u00e9cnica\"}]},{\"@type\":\"WebSite\",\"@id\":\"https:\/\/armazemaio.com\/#website\",\"url\":\"https:\/\/armazemaio.com\/\",\"name\":\"AIO Armaz\u00e9m\",\"description\":\"\",\"publisher\":{\"@id\":\"https:\/\/armazemaio.com\/#organization\"},\"potentialAction\":[{\"@type\":\"SearchAction\",\"target\":{\"@type\":\"EntryPoint\",\"urlTemplate\":\"https:\/\/armazemaio.com\/?s={search_term_string}\"},\"query-input\":{\"@type\":\"PropertyValueSpecification\",\"valueRequired\":true,\"valueName\":\"search_term_string\"}}],\"inLanguage\":\"en-GB\"},{\"@type\":\"Organization\",\"@id\":\"https:\/\/armazemaio.com\/#organization\",\"name\":\"AIO Armaz\u00e9m\",\"url\":\"https:\/\/armazemaio.com\/\",\"logo\":{\"@type\":\"ImageObject\",\"inLanguage\":\"en-GB\",\"@id\":\"https:\/\/armazemaio.com\/#\/schema\/logo\/image\/\",\"url\":\"https:\/\/armazemaio.com\/wp-content\/uploads\/2025\/03\/logoAIO.png\",\"contentUrl\":\"https:\/\/armazemaio.com\/wp-content\/uploads\/2025\/03\/logoAIO.png\",\"width\":2920,\"height\":886,\"caption\":\"AIO Armaz\u00e9m\"},\"image\":{\"@id\":\"https:\/\/armazemaio.com\/#\/schema\/logo\/image\/\"}}]}<\/script>\n<!-- \/ Yoast SEO plugin. -->","yoast_head_json":{"title":"AIO Armaz\u00e9m - Servicio postventa y asistencia t\u00e9cnica","robots":{"index":"noindex","follow":"follow","max-snippet":"max-snippet:-1","max-image-preview":"max-image-preview:large","max-video-preview":"max-video-preview:-1"},"og_locale":"en_GB","og_type":"article","og_title":"AIO Armaz\u00e9m - Servicio postventa y asistencia t\u00e9cnica","og_description":"Servicio postventa y asistencia t\u00e9cnica Contacta con tu servicio SAT En AIO, disponemos de t\u00e9cnicos propios con los cuales cubrir [&hellip;]","og_url":"https:\/\/armazemaio.com\/en\/servicio-postventa-y-asistencia-tecnica\/","article_modified_time":"2025-12-30T12:36:12+00:00","og_image":[{"width":598,"height":597,"url":"https:\/\/armazemaio.com\/wp-content\/uploads\/2025\/05\/repair.png","type":"image\/png"}],"twitter_card":"summary_large_image","twitter_misc":{"Estimated reading time":"2 minutes"},"schema":{"@context":"https:\/\/schema.org","@graph":[{"@type":"WebPage","@id":"https:\/\/armazemaio.com\/servicio-postventa-y-asistencia-tecnica\/","url":"https:\/\/armazemaio.com\/servicio-postventa-y-asistencia-tecnica\/","name":"AIO Armaz\u00e9m - Servicio postventa y asistencia t\u00e9cnica","isPartOf":{"@id":"https:\/\/armazemaio.com\/#website"},"primaryImageOfPage":{"@id":"https:\/\/armazemaio.com\/servicio-postventa-y-asistencia-tecnica\/#primaryimage"},"image":{"@id":"https:\/\/armazemaio.com\/servicio-postventa-y-asistencia-tecnica\/#primaryimage"},"thumbnailUrl":"https:\/\/armazemaio.com\/wp-content\/uploads\/2025\/05\/repair.png","datePublished":"2025-03-31T12:06:53+00:00","dateModified":"2025-12-30T12:36:12+00:00","breadcrumb":{"@id":"https:\/\/armazemaio.com\/servicio-postventa-y-asistencia-tecnica\/#breadcrumb"},"inLanguage":"en-GB","potentialAction":[{"@type":"ReadAction","target":["https:\/\/armazemaio.com\/servicio-postventa-y-asistencia-tecnica\/"]}]},{"@type":"ImageObject","inLanguage":"en-GB","@id":"https:\/\/armazemaio.com\/servicio-postventa-y-asistencia-tecnica\/#primaryimage","url":"https:\/\/armazemaio.com\/wp-content\/uploads\/2025\/05\/repair.png","contentUrl":"https:\/\/armazemaio.com\/wp-content\/uploads\/2025\/05\/repair.png"},{"@type":"BreadcrumbList","@id":"https:\/\/armazemaio.com\/servicio-postventa-y-asistencia-tecnica\/#breadcrumb","itemListElement":[{"@type":"ListItem","position":1,"name":"Portada","item":"https:\/\/armazemaio.com\/"},{"@type":"ListItem","position":2,"name":"Servicio postventa y asistencia t\u00e9cnica"}]},{"@type":"WebSite","@id":"https:\/\/armazemaio.com\/#website","url":"https:\/\/armazemaio.com\/","name":"AIO Armaz\u00e9m","description":"","publisher":{"@id":"https:\/\/armazemaio.com\/#organization"},"potentialAction":[{"@type":"SearchAction","target":{"@type":"EntryPoint","urlTemplate":"https:\/\/armazemaio.com\/?s={search_term_string}"},"query-input":{"@type":"PropertyValueSpecification","valueRequired":true,"valueName":"search_term_string"}}],"inLanguage":"en-GB"},{"@type":"Organization","@id":"https:\/\/armazemaio.com\/#organization","name":"AIO Armaz\u00e9m","url":"https:\/\/armazemaio.com\/","logo":{"@type":"ImageObject","inLanguage":"en-GB","@id":"https:\/\/armazemaio.com\/#\/schema\/logo\/image\/","url":"https:\/\/armazemaio.com\/wp-content\/uploads\/2025\/03\/logoAIO.png","contentUrl":"https:\/\/armazemaio.com\/wp-content\/uploads\/2025\/03\/logoAIO.png","width":2920,"height":886,"caption":"AIO Armaz\u00e9m"},"image":{"@id":"https:\/\/armazemaio.com\/#\/schema\/logo\/image\/"}}]}},"uagb_featured_image_src":{"full":false,"thumbnail":false,"medium":false,"medium_large":false,"large":false,"1536x1536":false,"2048x2048":false,"trp-custom-language-flag":false},"uagb_author_info":{"display_name":"AdminSoporte","author_link":"https:\/\/armazemaio.com\/en\/author\/adminsoporte\/"},"uagb_comment_info":0,"uagb_excerpt":"Servicio postventa y asistencia t\u00e9cnica Contacta con tu servicio SAT En AIO, disponemos de t\u00e9cnicos propios con los cuales cubrir [&hellip;]","_links":{"self":[{"href":"https:\/\/armazemaio.com\/en\/wp-json\/wp\/v2\/pages\/1230","targetHints":{"allow":["GET"]}}],"collection":[{"href":"https:\/\/armazemaio.com\/en\/wp-json\/wp\/v2\/pages"}],"about":[{"href":"https:\/\/armazemaio.com\/en\/wp-json\/wp\/v2\/types\/page"}],"author":[{"embeddable":true,"href":"https:\/\/armazemaio.com\/en\/wp-json\/wp\/v2\/users\/1"}],"replies":[{"embeddable":true,"href":"https:\/\/armazemaio.com\/en\/wp-json\/wp\/v2\/comments?post=1230"}],"version-history":[{"count":92,"href":"https:\/\/armazemaio.com\/en\/wp-json\/wp\/v2\/pages\/1230\/revisions"}],"predecessor-version":[{"id":2617,"href":"https:\/\/armazemaio.com\/en\/wp-json\/wp\/v2\/pages\/1230\/revisions\/2617"}],"wp:attachment":[{"href":"https:\/\/armazemaio.com\/en\/wp-json\/wp\/v2\/media?parent=1230"}],"curies":[{"name":"wp","href":"https:\/\/api.w.org\/{rel}","templated":true}]}}