{"id":1205,"date":"2025-03-31T13:38:31","date_gmt":"2025-03-31T11:38:31","guid":{"rendered":"https:\/\/armazemaio.com\/?page_id=1205"},"modified":"2025-10-08T07:59:28","modified_gmt":"2025-10-08T05:59:28","slug":"fullfillment","status":"publish","type":"page","link":"https:\/\/armazemaio.com\/en\/fullfillment\/","title":{"rendered":"Fulfillment"},"content":{"rendered":"<div data-elementor-type=\"wp-page\" data-elementor-id=\"1205\" class=\"elementor elementor-1205\">\n\t\t\t\t<div class=\"elementor-element elementor-element-xkptshh e-flex e-con-boxed e-con e-parent\" data-id=\"xkptshh\" data-element_type=\"container\" data-settings=\"{&quot;background_background&quot;:&quot;classic&quot;}\">\n\t\t\t\t\t<div class=\"e-con-inner\">\n\t\t<div class=\"elementor-element elementor-element-d21b7e0 e-flex e-con-boxed e-con e-child\" data-id=\"d21b7e0\" data-element_type=\"container\">\n\t\t\t\t\t<div class=\"e-con-inner\">\n\t\t\t\t<div class=\"elementor-element elementor-element-e9fd9dc elementor-widget elementor-widget-heading\" data-id=\"e9fd9dc\" data-element_type=\"widget\" data-widget_type=\"heading.default\">\n\t\t\t\t<div class=\"elementor-widget-container\">\n\t\t\t\t\t<h1 class=\"elementor-heading-title elementor-size-default\">Fulfillment<\/h1>\t\t\t\t<\/div>\n\t\t\t\t<\/div>\n\t\t\t\t\t<\/div>\n\t\t\t\t<\/div>\n\t\t\t\t\t<\/div>\n\t\t\t\t<\/div>\n\t\t\t\t<section class=\"elementor-section elementor-top-section elementor-element elementor-element-5v6rpe0 elementor-section-boxed elementor-section-height-default elementor-section-height-default\" data-id=\"5v6rpe0\" data-element_type=\"section\" data-settings=\"{&quot;background_background&quot;:&quot;gradient&quot;}\">\n\t\t\t\t\t\t<div class=\"elementor-container elementor-column-gap-no\">\n\t\t\t\t\t<div class=\"elementor-column elementor-col-100 elementor-top-column elementor-element elementor-element-b7ca855\" data-id=\"b7ca855\" data-element_type=\"column\">\n\t\t\t<div class=\"elementor-widget-wrap elementor-element-populated\">\n\t\t\t\t\t\t<div class=\"elementor-element elementor-element-7b08c08 elementor-view-default elementor-invisible elementor-widget elementor-widget-icon\" data-id=\"7b08c08\" data-element_type=\"widget\" data-settings=\"{&quot;_animation&quot;:&quot;slideInDown&quot;}\" data-widget_type=\"icon.default\">\n\t\t\t\t<div class=\"elementor-widget-container\">\n\t\t\t\t\t\t\t<div class=\"elementor-icon-wrapper\">\n\t\t\t<div class=\"elementor-icon\">\n\t\t\t<svg aria-hidden=\"true\" class=\"e-font-icon-svg e-fas-quote-left\" viewbox=\"0 0 512 512\" xmlns=\"http:\/\/www.w3.org\/2000\/svg\"><path d=\"M464 256h-80v-64c0-35.3 28.7-64 64-64h8c13.3 0 24-10.7 24-24V56c0-13.3-10.7-24-24-24h-8c-88.4 0-160 71.6-160 160v240c0 26.5 21.5 48 48 48h128c26.5 0 48-21.5 48-48V304c0-26.5-21.5-48-48-48zm-288 0H96v-64c0-35.3 28.7-64 64-64h8c13.3 0 24-10.7 24-24V56c0-13.3-10.7-24-24-24h-8C71.6 32 0 103.6 0 192v240c0 26.5 21.5 48 48 48h128c26.5 0 48-21.5 48-48V304c0-26.5-21.5-48-48-48z\"><\/path><\/svg>\t\t\t<\/div>\n\t\t<\/div>\n\t\t\t\t\t\t<\/div>\n\t\t\t\t<\/div>\n\t\t\t\t<div class=\"elementor-element elementor-element-04f6cb9 elementor-invisible elementor-widget elementor-widget-heading\" data-id=\"04f6cb9\" data-element_type=\"widget\" data-settings=\"{&quot;_animation&quot;:&quot;slideInDown&quot;}\" data-widget_type=\"heading.default\">\n\t\t\t\t<div class=\"elementor-widget-container\">\n\t\t\t\t\t<h3 class=\"elementor-heading-title elementor-size-medium\">Faster and more efficient.\nThe keys to our fulfillment.<\/h3>\t\t\t\t<\/div>\n\t\t\t\t<\/div>\n\t\t\t\t\t<\/div>\n\t\t<\/div>\n\t\t\t\t\t<\/div>\n\t\t<\/section>\n\t\t\t\t<section class=\"elementor-section elementor-top-section elementor-element elementor-element-0tibyy4 elementor-section-content-middle elementor-reverse-mobile elementor-section-boxed elementor-section-height-default elementor-section-height-default elementor-invisible\" data-id=\"0tibyy4\" data-element_type=\"section\" data-settings=\"{&quot;background_background&quot;:&quot;classic&quot;,&quot;animation&quot;:&quot;slideInRight&quot;}\">\n\t\t\t\t\t\t\t<div class=\"elementor-background-overlay\"><\/div>\n\t\t\t\t\t\t\t<div class=\"elementor-container elementor-column-gap-no\">\n\t\t\t\t\t<div class=\"elementor-column elementor-col-50 elementor-top-column elementor-element elementor-element-b0b74d8\" data-id=\"b0b74d8\" data-element_type=\"column\">\n\t\t\t<div class=\"elementor-widget-wrap elementor-element-populated\">\n\t\t\t\t\t\t<div class=\"elementor-element elementor-element-327f367 elementor-widget elementor-widget-text-editor\" data-id=\"327f367\" data-element_type=\"widget\" data-widget_type=\"text-editor.default\">\n\t\t\t\t<div class=\"elementor-widget-container\">\n\t\t\t\t\t\t\t\t\t<p class=\"p1 translation-block\">Fulfillment and logistics are the culmination of a comprehensive process. This section is very important since it deals with the building of structural elements in our premises.<\/p><p class=\"p1 translation-block\">Thanks to the integration of this fulfillment service, we ensure the incorporation of all product distribution details, as well as the correct material execution of the project<\/p><p class=\"p1 translation-block\">The integration of all areas is what gives us differential value, on the one hand, to be close to the product and service we offer and, on the other hand, to listen to and get to know the end users, in order to provide a service and product of greater quality and value that meets our client\u2019s expectations.<\/p>\t\t\t\t\t\t\t\t<\/div>\n\t\t\t\t<\/div>\n\t\t\t\t\t<\/div>\n\t\t<\/div>\n\t\t\t\t<div class=\"elementor-column elementor-col-50 elementor-top-column elementor-element elementor-element-51962fb\" data-id=\"51962fb\" data-element_type=\"column\" data-settings=\"{&quot;background_background&quot;:&quot;classic&quot;}\">\n\t\t\t<div class=\"elementor-widget-wrap elementor-element-populated\">\n\t\t\t\t\t\t<div class=\"elementor-element elementor-element-6315460 elementor-widget elementor-widget-image\" data-id=\"6315460\" data-element_type=\"widget\" data-widget_type=\"image.default\">\n\t\t\t\t<div class=\"elementor-widget-container\">\n\t\t\t\t\t\t\t\t\t\t\t\t\t\t\t<img fetchpriority=\"high\" decoding=\"async\" width=\"598\" height=\"597\" src=\"https:\/\/armazemaio.com\/wp-content\/uploads\/2025\/05\/fullfillmeent.png\" class=\"attachment-full size-full wp-image-2376\" alt=\"\" srcset=\"https:\/\/armazemaio.com\/wp-content\/uploads\/2025\/05\/fullfillmeent.png 598w, https:\/\/armazemaio.com\/wp-content\/uploads\/2025\/05\/fullfillmeent-300x300.png 300w, https:\/\/armazemaio.com\/wp-content\/uploads\/2025\/05\/fullfillmeent-80x80.png 80w\" sizes=\"(max-width: 598px) 100vw, 598px\" \/>\t\t\t\t\t\t\t\t\t\t\t\t\t\t\t<\/div>\n\t\t\t\t<\/div>\n\t\t\t\t\t<\/div>\n\t\t<\/div>\n\t\t\t\t\t<\/div>\n\t\t<\/section>\n\t\t<div class=\"elementor-element elementor-element-ddwq0no e-flex e-con-boxed e-con e-parent\" data-id=\"ddwq0no\" data-element_type=\"container\" data-settings=\"{&quot;background_background&quot;:&quot;classic&quot;}\">\n\t\t\t\t\t<div class=\"e-con-inner\">\n\t\t<div class=\"elementor-element elementor-element-c761d1d e-con-full e-flex e-con e-child\" data-id=\"c761d1d\" data-element_type=\"container\">\n\t\t\t\t<div class=\"elementor-element elementor-element-c004b04 elementor-widget elementor-widget-heading\" data-id=\"c004b04\" data-element_type=\"widget\" data-widget_type=\"heading.default\">\n\t\t\t\t<div class=\"elementor-widget-container\">\n\t\t\t\t\t<h2 class=\"elementor-heading-title elementor-size-default\">AIO Commitment<\/h2>\t\t\t\t<\/div>\n\t\t\t\t<\/div>\n\t\t\t\t<div class=\"elementor-element elementor-element-93ea5d2 elementor-widget-divider--view-line elementor-widget elementor-widget-divider\" data-id=\"93ea5d2\" data-element_type=\"widget\" data-widget_type=\"divider.default\">\n\t\t\t\t<div class=\"elementor-widget-container\">\n\t\t\t\t\t\t\t<div class=\"elementor-divider\">\n\t\t\t<span class=\"elementor-divider-separator\">\n\t\t\t\t\t\t<\/span>\n\t\t<\/div>\n\t\t\t\t\t\t<\/div>\n\t\t\t\t<\/div>\n\t\t\t\t<div class=\"elementor-element elementor-element-ccfcc53 elementor-widget elementor-widget-text-editor\" data-id=\"ccfcc53\" data-element_type=\"widget\" data-widget_type=\"text-editor.default\">\n\t\t\t\t<div class=\"elementor-widget-container\">\n\t\t\t\t\t\t\t\t\t<p class=\"translation-block\">We work in a controlled industrial environment and offer personalised attention for clients and users. Our work is based on an AIO commitment o of closeness and facilities, where your projects\nbecome part of our projects thanks to our own involvement and close monitoring.<\/p><p class=\"translation-block\">Evolution and innovation. We have transformed the conventional approach to distribution and logistics with an optimised process that allows us to improve control over it. It is designed\nto remove delays and the inevitable cost increases and unforeseen events, thus achieving superior efficiency in developments that are so important for the fulfillment of our clients\u2019 objectives\nand commitments.<\/p>\t\t\t\t\t\t\t\t<\/div>\n\t\t\t\t<\/div>\n\t\t\t\t<\/div>\n\t\t\t\t\t<\/div>\n\t\t\t\t<\/div>\n\t\t\t\t<section class=\"elementor-section elementor-top-section elementor-element elementor-element-64rj59d elementor-section-content-middle elementor-section-boxed elementor-section-height-default elementor-section-height-default elementor-invisible\" data-id=\"64rj59d\" data-element_type=\"section\" data-settings=\"{&quot;background_background&quot;:&quot;classic&quot;,&quot;animation&quot;:&quot;slideInRight&quot;}\">\n\t\t\t\t\t\t\t<div class=\"elementor-background-overlay\"><\/div>\n\t\t\t\t\t\t\t<div class=\"elementor-container elementor-column-gap-no\">\n\t\t\t\t\t<div class=\"elementor-column elementor-col-50 elementor-top-column elementor-element elementor-element-5fcceb3\" data-id=\"5fcceb3\" data-element_type=\"column\">\n\t\t\t<div class=\"elementor-widget-wrap elementor-element-populated\">\n\t\t\t\t\t\t<div class=\"elementor-element elementor-element-1726a4d elementor-widget elementor-widget-image\" data-id=\"1726a4d\" data-element_type=\"widget\" data-widget_type=\"image.default\">\n\t\t\t\t<div class=\"elementor-widget-container\">\n\t\t\t\t\t\t\t\t\t\t\t\t\t\t\t<img decoding=\"async\" width=\"599\" height=\"597\" src=\"https:\/\/armazemaio.com\/wp-content\/uploads\/2025\/05\/full.png\" class=\"attachment-full size-full wp-image-2378\" alt=\"\" srcset=\"https:\/\/armazemaio.com\/wp-content\/uploads\/2025\/05\/full.png 599w, https:\/\/armazemaio.com\/wp-content\/uploads\/2025\/05\/full-300x300.png 300w, https:\/\/armazemaio.com\/wp-content\/uploads\/2025\/05\/full-80x80.png 80w\" sizes=\"(max-width: 599px) 100vw, 599px\" \/>\t\t\t\t\t\t\t\t\t\t\t\t\t\t\t<\/div>\n\t\t\t\t<\/div>\n\t\t\t\t\t<\/div>\n\t\t<\/div>\n\t\t\t\t<div class=\"elementor-column elementor-col-50 elementor-top-column elementor-element elementor-element-04229e9\" data-id=\"04229e9\" data-element_type=\"column\">\n\t\t\t<div class=\"elementor-widget-wrap elementor-element-populated\">\n\t\t\t\t\t\t<div class=\"elementor-element elementor-element-b1bbbe1 elementor-widget elementor-widget-text-editor\" data-id=\"b1bbbe1\" data-element_type=\"widget\" data-widget_type=\"text-editor.default\">\n\t\t\t\t<div class=\"elementor-widget-container\">\n\t\t\t\t\t\t\t\t\t<p class=\"p1 translation-block\">The knowledge of the limitations and needs of the logistical section in each project is an essential guarantee of success for the designs and structural elements of the products.<\/p><p class=\"p1\">Fulfilment, in this context, refers to compliance or satisfaction, something that gives an idea of the ultimate goal we have in mind when we provide our services.<\/p><p class=\"p1\">Fulfilment saves our clients from having to provide the staff, space and infrastructure to do it themselves.<\/p><p class=\"p1\">Our fulfilment centre allows us to manage a variable volume of orders, from their reception by manufacturers, to their subsequent control and traceability of shipments to end users.<\/p>\t\t\t\t\t\t\t\t<\/div>\n\t\t\t\t<\/div>\n\t\t\t\t\t<\/div>\n\t\t<\/div>\n\t\t\t\t\t<\/div>\n\t\t<\/section>\n\t\t\t\t<\/div>","protected":false},"excerpt":{"rendered":"<p>Fullfillment M\u00e1s r\u00e1pido, m\u00e1s eficiente. Las claves de nuestro fulfill El fulfillment y la log\u00edstica es la culminaci\u00f3n de un [&hellip;]<\/p>","protected":false},"author":1,"featured_media":0,"parent":0,"menu_order":0,"comment_status":"closed","ping_status":"closed","template":"","meta":{"_uag_custom_page_level_css":"","site-sidebar-layout":"no-sidebar","site-content-layout":"","ast-site-content-layout":"full-width-container","site-content-style":"default","site-sidebar-style":"default","ast-global-header-display":"","ast-banner-title-visibility":"","ast-main-header-display":"","ast-hfb-above-header-display":"","ast-hfb-below-header-display":"","ast-hfb-mobile-header-display":"","site-post-title":"disabled","ast-breadcrumbs-content":"","ast-featured-img":"disabled","footer-sml-layout":"","theme-transparent-header-meta":"","adv-header-id-meta":"","stick-header-meta":"","header-above-stick-meta":"","header-main-stick-meta":"","header-below-stick-meta":"","astra-migrate-meta-layouts":"default","ast-page-background-enabled":"default","ast-page-background-meta":{"desktop":{"background-color":"var(--ast-global-color-5)","background-image":"","background-repeat":"repeat","background-position":"center center","background-size":"auto","background-attachment":"scroll","background-type":"","background-media":"","overlay-type":"","overlay-color":"","overlay-opacity":"","overlay-gradient":""},"tablet":{"background-color":"","background-image":"","background-repeat":"repeat","background-position":"center center","background-size":"auto","background-attachment":"scroll","background-type":"","background-media":"","overlay-type":"","overlay-color":"","overlay-opacity":"","overlay-gradient":""},"mobile":{"background-color":"","background-image":"","background-repeat":"repeat","background-position":"center center","background-size":"auto","background-attachment":"scroll","background-type":"","background-media":"","overlay-type":"","overlay-color":"","overlay-opacity":"","overlay-gradient":""}},"ast-content-background-meta":{"desktop":{"background-color":"var(--ast-global-color-4)","background-image":"","background-repeat":"repeat","background-position":"center center","background-size":"auto","background-attachment":"scroll","background-type":"","background-media":"","overlay-type":"","overlay-color":"","overlay-opacity":"","overlay-gradient":""},"tablet":{"background-color":"var(--ast-global-color-4)","background-image":"","background-repeat":"repeat","background-position":"center center","background-size":"auto","background-attachment":"scroll","background-type":"","background-media":"","overlay-type":"","overlay-color":"","overlay-opacity":"","overlay-gradient":""},"mobile":{"background-color":"var(--ast-global-color-4)","background-image":"","background-repeat":"repeat","background-position":"center center","background-size":"auto","background-attachment":"scroll","background-type":"","background-media":"","overlay-type":"","overlay-color":"","overlay-opacity":"","overlay-gradient":""}},"footnotes":""},"class_list":["post-1205","page","type-page","status-publish","hentry"],"yoast_head":"<!-- This site is optimized with the Yoast SEO plugin v24.7 - https:\/\/yoast.com\/wordpress\/plugins\/seo\/ -->\n<title>AIO Armaz\u00e9m - Fullfillment<\/title>\n<meta name=\"robots\" content=\"noindex, follow, max-snippet:-1, max-image-preview:large, max-video-preview:-1\" \/>\n<meta property=\"og:locale\" content=\"en_GB\" \/>\n<meta property=\"og:type\" content=\"article\" \/>\n<meta property=\"og:title\" content=\"AIO Armaz\u00e9m - Fullfillment\" \/>\n<meta property=\"og:description\" content=\"Fullfillment M\u00e1s r\u00e1pido, m\u00e1s eficiente. Las claves de nuestro fulfill El fulfillment y la log\u00edstica es la culminaci\u00f3n de un [&hellip;]\" \/>\n<meta property=\"og:url\" content=\"https:\/\/armazemaio.com\/en\/fullfillment\/\" \/>\n<meta property=\"article:modified_time\" content=\"2025-10-08T05:59:28+00:00\" \/>\n<meta property=\"og:image\" content=\"https:\/\/armazemaio.com\/wp-content\/uploads\/2025\/05\/fullfillmeent.png\" \/>\n<meta name=\"twitter:card\" content=\"summary_large_image\" \/>\n<meta name=\"twitter:label1\" content=\"Estimated reading time\" \/>\n\t<meta name=\"twitter:data1\" content=\"2 minutes\" \/>\n<script type=\"application\/ld+json\" class=\"yoast-schema-graph\">{\"@context\":\"https:\/\/schema.org\",\"@graph\":[{\"@type\":\"WebPage\",\"@id\":\"https:\/\/armazemaio.com\/fullfillment\/\",\"url\":\"https:\/\/armazemaio.com\/fullfillment\/\",\"name\":\"AIO Armaz\u00e9m - Fullfillment\",\"isPartOf\":{\"@id\":\"https:\/\/armazemaio.com\/#website\"},\"primaryImageOfPage\":{\"@id\":\"https:\/\/armazemaio.com\/fullfillment\/#primaryimage\"},\"image\":{\"@id\":\"https:\/\/armazemaio.com\/fullfillment\/#primaryimage\"},\"thumbnailUrl\":\"https:\/\/armazemaio.com\/wp-content\/uploads\/2025\/05\/fullfillmeent.png\",\"datePublished\":\"2025-03-31T11:38:31+00:00\",\"dateModified\":\"2025-10-08T05:59:28+00:00\",\"breadcrumb\":{\"@id\":\"https:\/\/armazemaio.com\/fullfillment\/#breadcrumb\"},\"inLanguage\":\"en-GB\",\"potentialAction\":[{\"@type\":\"ReadAction\",\"target\":[\"https:\/\/armazemaio.com\/fullfillment\/\"]}]},{\"@type\":\"ImageObject\",\"inLanguage\":\"en-GB\",\"@id\":\"https:\/\/armazemaio.com\/fullfillment\/#primaryimage\",\"url\":\"https:\/\/armazemaio.com\/wp-content\/uploads\/2025\/05\/fullfillmeent.png\",\"contentUrl\":\"https:\/\/armazemaio.com\/wp-content\/uploads\/2025\/05\/fullfillmeent.png\"},{\"@type\":\"BreadcrumbList\",\"@id\":\"https:\/\/armazemaio.com\/fullfillment\/#breadcrumb\",\"itemListElement\":[{\"@type\":\"ListItem\",\"position\":1,\"name\":\"Portada\",\"item\":\"https:\/\/armazemaio.com\/\"},{\"@type\":\"ListItem\",\"position\":2,\"name\":\"Fullfillment\"}]},{\"@type\":\"WebSite\",\"@id\":\"https:\/\/armazemaio.com\/#website\",\"url\":\"https:\/\/armazemaio.com\/\",\"name\":\"AIO Armaz\u00e9m\",\"description\":\"\",\"publisher\":{\"@id\":\"https:\/\/armazemaio.com\/#organization\"},\"potentialAction\":[{\"@type\":\"SearchAction\",\"target\":{\"@type\":\"EntryPoint\",\"urlTemplate\":\"https:\/\/armazemaio.com\/?s={search_term_string}\"},\"query-input\":{\"@type\":\"PropertyValueSpecification\",\"valueRequired\":true,\"valueName\":\"search_term_string\"}}],\"inLanguage\":\"en-GB\"},{\"@type\":\"Organization\",\"@id\":\"https:\/\/armazemaio.com\/#organization\",\"name\":\"AIO Armaz\u00e9m\",\"url\":\"https:\/\/armazemaio.com\/\",\"logo\":{\"@type\":\"ImageObject\",\"inLanguage\":\"en-GB\",\"@id\":\"https:\/\/armazemaio.com\/#\/schema\/logo\/image\/\",\"url\":\"https:\/\/armazemaio.com\/wp-content\/uploads\/2025\/03\/logoAIO.png\",\"contentUrl\":\"https:\/\/armazemaio.com\/wp-content\/uploads\/2025\/03\/logoAIO.png\",\"width\":2920,\"height\":886,\"caption\":\"AIO Armaz\u00e9m\"},\"image\":{\"@id\":\"https:\/\/armazemaio.com\/#\/schema\/logo\/image\/\"}}]}<\/script>\n<!-- \/ Yoast SEO plugin. -->","yoast_head_json":{"title":"AIO Armaz\u00e9m - Fullfillment","robots":{"index":"noindex","follow":"follow","max-snippet":"max-snippet:-1","max-image-preview":"max-image-preview:large","max-video-preview":"max-video-preview:-1"},"og_locale":"en_GB","og_type":"article","og_title":"AIO Armaz\u00e9m - Fullfillment","og_description":"Fullfillment M\u00e1s r\u00e1pido, m\u00e1s eficiente. Las claves de nuestro fulfill El fulfillment y la log\u00edstica es la culminaci\u00f3n de un [&hellip;]","og_url":"https:\/\/armazemaio.com\/en\/fullfillment\/","article_modified_time":"2025-10-08T05:59:28+00:00","og_image":[{"url":"https:\/\/armazemaio.com\/wp-content\/uploads\/2025\/05\/fullfillmeent.png","type":"","width":"","height":""}],"twitter_card":"summary_large_image","twitter_misc":{"Estimated reading time":"2 minutes"},"schema":{"@context":"https:\/\/schema.org","@graph":[{"@type":"WebPage","@id":"https:\/\/armazemaio.com\/fullfillment\/","url":"https:\/\/armazemaio.com\/fullfillment\/","name":"AIO Armaz\u00e9m - Fullfillment","isPartOf":{"@id":"https:\/\/armazemaio.com\/#website"},"primaryImageOfPage":{"@id":"https:\/\/armazemaio.com\/fullfillment\/#primaryimage"},"image":{"@id":"https:\/\/armazemaio.com\/fullfillment\/#primaryimage"},"thumbnailUrl":"https:\/\/armazemaio.com\/wp-content\/uploads\/2025\/05\/fullfillmeent.png","datePublished":"2025-03-31T11:38:31+00:00","dateModified":"2025-10-08T05:59:28+00:00","breadcrumb":{"@id":"https:\/\/armazemaio.com\/fullfillment\/#breadcrumb"},"inLanguage":"en-GB","potentialAction":[{"@type":"ReadAction","target":["https:\/\/armazemaio.com\/fullfillment\/"]}]},{"@type":"ImageObject","inLanguage":"en-GB","@id":"https:\/\/armazemaio.com\/fullfillment\/#primaryimage","url":"https:\/\/armazemaio.com\/wp-content\/uploads\/2025\/05\/fullfillmeent.png","contentUrl":"https:\/\/armazemaio.com\/wp-content\/uploads\/2025\/05\/fullfillmeent.png"},{"@type":"BreadcrumbList","@id":"https:\/\/armazemaio.com\/fullfillment\/#breadcrumb","itemListElement":[{"@type":"ListItem","position":1,"name":"Portada","item":"https:\/\/armazemaio.com\/"},{"@type":"ListItem","position":2,"name":"Fullfillment"}]},{"@type":"WebSite","@id":"https:\/\/armazemaio.com\/#website","url":"https:\/\/armazemaio.com\/","name":"AIO Armaz\u00e9m","description":"","publisher":{"@id":"https:\/\/armazemaio.com\/#organization"},"potentialAction":[{"@type":"SearchAction","target":{"@type":"EntryPoint","urlTemplate":"https:\/\/armazemaio.com\/?s={search_term_string}"},"query-input":{"@type":"PropertyValueSpecification","valueRequired":true,"valueName":"search_term_string"}}],"inLanguage":"en-GB"},{"@type":"Organization","@id":"https:\/\/armazemaio.com\/#organization","name":"AIO Armaz\u00e9m","url":"https:\/\/armazemaio.com\/","logo":{"@type":"ImageObject","inLanguage":"en-GB","@id":"https:\/\/armazemaio.com\/#\/schema\/logo\/image\/","url":"https:\/\/armazemaio.com\/wp-content\/uploads\/2025\/03\/logoAIO.png","contentUrl":"https:\/\/armazemaio.com\/wp-content\/uploads\/2025\/03\/logoAIO.png","width":2920,"height":886,"caption":"AIO Armaz\u00e9m"},"image":{"@id":"https:\/\/armazemaio.com\/#\/schema\/logo\/image\/"}}]}},"uagb_featured_image_src":{"full":false,"thumbnail":false,"medium":false,"medium_large":false,"large":false,"1536x1536":false,"2048x2048":false,"trp-custom-language-flag":false},"uagb_author_info":{"display_name":"AdminSoporte","author_link":"https:\/\/armazemaio.com\/en\/author\/adminsoporte\/"},"uagb_comment_info":0,"uagb_excerpt":"Fullfillment M\u00e1s r\u00e1pido, m\u00e1s eficiente. Las claves de nuestro fulfill El fulfillment y la log\u00edstica es la culminaci\u00f3n de un [&hellip;]","_links":{"self":[{"href":"https:\/\/armazemaio.com\/en\/wp-json\/wp\/v2\/pages\/1205","targetHints":{"allow":["GET"]}}],"collection":[{"href":"https:\/\/armazemaio.com\/en\/wp-json\/wp\/v2\/pages"}],"about":[{"href":"https:\/\/armazemaio.com\/en\/wp-json\/wp\/v2\/types\/page"}],"author":[{"embeddable":true,"href":"https:\/\/armazemaio.com\/en\/wp-json\/wp\/v2\/users\/1"}],"replies":[{"embeddable":true,"href":"https:\/\/armazemaio.com\/en\/wp-json\/wp\/v2\/comments?post=1205"}],"version-history":[{"count":88,"href":"https:\/\/armazemaio.com\/en\/wp-json\/wp\/v2\/pages\/1205\/revisions"}],"predecessor-version":[{"id":2381,"href":"https:\/\/armazemaio.com\/en\/wp-json\/wp\/v2\/pages\/1205\/revisions\/2381"}],"wp:attachment":[{"href":"https:\/\/armazemaio.com\/en\/wp-json\/wp\/v2\/media?parent=1205"}],"curies":[{"name":"wp","href":"https:\/\/api.w.org\/{rel}","templated":true}]}}